{"id":18046,"date":"2020-07-02T14:34:24","date_gmt":"2020-07-02T19:34:24","guid":{"rendered":"https:\/\/arabnewswire.com\/submit-press-release\/"},"modified":"2025-09-07T04:34:38","modified_gmt":"2025-09-07T09:34:38","slug":"submit-press-release-fr","status":"publish","type":"page","link":"https:\/\/arabnewswire.com\/fr\/submit-press-release-fr\/","title":{"rendered":"Soumettre un communiqu\u00e9 de presse"},"content":{"rendered":"\t\t<div data-elementor-type=\"wp-page\" data-elementor-id=\"18046\" class=\"elementor elementor-18046 elementor-1025\" data-elementor-post-type=\"page\">\n\t\t\t\t<div class=\"elementor-element elementor-element-aafb4c6 e-flex e-con-boxed e-con e-parent\" data-id=\"aafb4c6\" data-element_type=\"container\" data-e-type=\"container\">\n\t\t\t\t\t<div class=\"e-con-inner\">\n\t\t\t\t<div class=\"elementor-element elementor-element-889bf83 elementor-widget elementor-widget-text-editor\" data-id=\"889bf83\" data-element_type=\"widget\" data-e-type=\"widget\" data-widget_type=\"text-editor.default\">\n\t\t\t\t<div class=\"elementor-widget-container\">\n\t\t\t\t\t\t\t\t\t<h2 style=\"margin-bottom: 10px;\">Soumettre un communiqu\u00e9 de presse dans les \u00c9mirats arabes unis, l&rsquo;Afrique du Sud, le CCG, la r\u00e9gion MENA ou le monde arabe<\/h2><p><strong>Pour soumettre un communiqu\u00e9 de presse, choisissez le plan ci-dessous et cliquez sur \u00ab\u00a0Acheter un plan\u00a0\u00bb. <\/strong><br>Si vous avez des questions, appelez Phone\/WhatsApp : <a href=\"https:\/\/api.whatsapp.com\/send\/?phone=18327162363&amp;text&amp;app_absent=0\">+1 832-716-2363<\/a>. Telegram : <a href=\"https:\/\/t.me\/groupwebmedia\">groupwebmedia<\/a>. <\/p>\t\t\t\t\t\t\t\t<\/div>\n\t\t\t\t<\/div>\n\t\t\t\t\t<\/div>\n\t\t\t\t<\/div>\n\t\t<div class=\"elementor-element elementor-element-86c17a0 e-flex e-con-boxed e-con e-parent\" data-id=\"86c17a0\" data-element_type=\"container\" data-e-type=\"container\">\n\t\t\t\t\t<div class=\"e-con-inner\">\n\t\t<div class=\"elementor-element elementor-element-0f78341 e-con-full e-flex e-con e-child\" data-id=\"0f78341\" data-element_type=\"container\" data-e-type=\"container\">\n\t\t\t\t<div class=\"elementor-element elementor-element-13900b5 elementor-widget elementor-widget-shortcode\" data-id=\"13900b5\" data-element_type=\"widget\" data-e-type=\"widget\" id=\"package-area\" data-package-id=\"1042\" data-widget_type=\"shortcode.default\">\n\t\t\t\t<div class=\"elementor-widget-container\">\n\t\t\t\t\t\t\t<div class=\"elementor-shortcode\">    <div class=\"custom-product-box\" style=\"padding:20px; margin-bottom:30px;\">\r\n        <h3 style=\"margin-bottom:10px; text-align: center;\">PR ArabNewswire\u2122<\/h3>\r\n\r\n        <p style=\"font-size:18px; color:#82CC82; font-weight: bold; text-align: center;\">\r\n            <span class=\"woocommerce-Price-amount amount\"><bdi><span class=\"woocommerce-Price-currencySymbol\">&#36;<\/span>299.00<\/bdi><\/span>        <\/p>\r\n\t\t\r\n\t\t <div class=\"cart_btn\" style=\"color: #fff; text-align: center; margin: 10px 0;\">\r\n                            <!-- If logged out, open Elementor popup-login form -->\r\n                <a style=\"background-color:#82CC82; padding:10px; cursor:pointer; color: #fff\" \r\n                   href=\"#elementor-action%3Aaction%3Dpopup%3Aopen%26settings%3DeyJpZCI6MjE1NDcsInRvZ2dsZSI6ZmFsc2V9\" \r\n                   >\r\n                   Buy Plan & Submit PR\r\n                <\/a>\r\n            \t\t <\/div>\r\n\t\t\r\n\r\n        <div style=\"margin:15px 0;\">\r\n            <p>Publier un communiqu\u00e9 de presse de 500 mots sur ArabNewswire.com :<\/p>\n<ul>\n<li>En arabe, en anglais, en fran\u00e7ais ou dans l'une des langues susmentionn\u00e9es.<\/li>\n<li>Soyez publi\u00e9 sur jusqu'\u00e0 50 sites d'information de GroupWeb Media Network dans la r\u00e9gion MENA.<\/li>\n<li>Soyez index\u00e9 par Bing, DuckDuckGo, Google, Yahoo et Yandex.<\/li>\n<li>Inclure une image ; 49 $ pour une image suppl\u00e9mentaire ou une vid\u00e9o YouTube<\/li>\n<li>Recevez un rapport d'\u00e9cr\u00eatage dans les 24 \u00e0 48 heures.<\/li>\n<li>Voir des exemples de rapports sur les coupures de presse en <a href=\"https:\/\/drive.google.com\/file\/d\/1HWAGGEyg6hpgzB1dhnH7uPpEDwt71LUY\/view?usp=sharing\">anglais<\/a> et en <a href=\"https:\/\/drive.google.com\/file\/d\/1vjklJYfdBVVP-jeNFtith-HGVzYcGGMg\/view?usp=sharing\">arabe<\/a><\/li>\n<li>Le prix est calcul\u00e9 par version et par langue. Chaque langue suppl\u00e9mentaire est factur\u00e9e 199 $. <\/li>\n<\/ul>\n        <\/div>\r\n\r\n        <div class=\"cart_btn\" style=\"text-align: center;\">\r\n                            <!-- If logged out, open Elementor popup-login form -->\r\n                <a style=\"background-color:#82CC82; padding:10px; cursor:pointer; color: #fff\" \r\n                   href=\"#elementor-action%3Aaction%3Dpopup%3Aopen%26settings%3DeyJpZCI6MjE1NDcsInRvZ2dsZSI6ZmFsc2V9\" \r\n                   >\r\n                   Buy Plan & Submit PR\r\n                <\/a>\r\n                    <\/div>\r\n    <\/div>\r\n    <\/div>\n\t\t\t\t\t\t<\/div>\n\t\t\t\t<\/div>\n\t\t\t\t<\/div>\n\t\t<div class=\"elementor-element elementor-element-976c746 e-con-full e-flex e-con e-child\" data-id=\"976c746\" data-element_type=\"container\" data-e-type=\"container\">\n\t\t\t\t<div class=\"elementor-element elementor-element-b2eb797 package-area elementor-widget elementor-widget-shortcode\" data-id=\"b2eb797\" data-element_type=\"widget\" data-e-type=\"widget\" data-package-id=\"1044\" data-widget_type=\"shortcode.default\">\n\t\t\t\t<div class=\"elementor-widget-container\">\n\t\t\t\t\t\t\t<div class=\"elementor-shortcode\">    <div class=\"custom-product-box\" style=\"padding:20px; margin-bottom:30px;\">\r\n        <h3 style=\"margin-bottom:10px; text-align: center;\">PR MENA\u2122 Nation<\/h3>\r\n\r\n        <p style=\"font-size:18px; color:#82CC82; font-weight: bold; text-align: center;\">\r\n            <span class=\"woocommerce-Price-amount amount\"><bdi><span class=\"woocommerce-Price-currencySymbol\">&#36;<\/span>599.00<\/bdi><\/span>        <\/p>\r\n\t\t\r\n\t\t <div class=\"cart_btn\" style=\"color: #fff; text-align: center; margin: 10px 0;\">\r\n                            <!-- If logged out, open Elementor popup-login form -->\r\n                <a style=\"background-color:#82CC82; padding:10px; cursor:pointer; color: #fff\" \r\n                   href=\"#elementor-action%3Aaction%3Dpopup%3Aopen%26settings%3DeyJpZCI6MjE1NDcsInRvZ2dsZSI6ZmFsc2V9\" \r\n                   >\r\n                   Buy Plan & Submit PR\r\n                <\/a>\r\n            \t\t <\/div>\r\n\t\t\r\n\r\n        <div style=\"margin:15px 0;\">\r\n            <p>Distribuez un communiqu\u00e9 de presse de 500 mots \u00e0 deux pays de la r\u00e9gion MENA par langue :<\/p>\n<ul>\n<li>Soyez publi\u00e9 sur 100 sites d'information en ligne :<br \/>\n- The Arab Herald - une publication d'information pour les nations arabes.<br \/>\n- MENAFN - un portail d'informations commerciales et financi\u00e8res pour la r\u00e9gion MENA.<br \/>\n- Associated Press (AP)<br \/>\n- Desks d'information bas\u00e9s sur <em>deux cat\u00e9gories de votre choix<\/em>.<br \/>\n- il y a des frais de 199 $ pour chaque langue suppl\u00e9mentaire.<\/li>\n<li>Pr\u00e9voyez un d\u00e9lai de 48 heures pour la diffusion du communiqu\u00e9 de presse et le rapport de d\u00e9coupage.<\/li>\n<\/ul>\n<p>Voir les exemples de rapports d'\u00e9cr\u00eatage :<br \/>\n<a href=\"https:\/\/drive.google.com\/file\/d\/1H_ho97pvvRKM6qJ9rjB1pqrlTVacce56\/view?usp=sharing\"><span style=\"color: #339966;\"><span style=\"color: #82cc82;\">Distribution aux \u00c9mirats arabes unis<\/span><\/span><\/a> (anglais et arabe)<br \/>\n<span style=\"color: #82cc82;\"><a style=\"color: #82cc82;\" href=\"https:\/\/drive.google.com\/file\/d\/1PmsbdroTq1pozk1K9GcTCvYCK0146WLY\/view?usp=sharing\">Distribution en Afrique du Sud<\/a><\/span> (anglais)<\/p>\n<p>&nbsp;<\/p>\n        <\/div>\r\n\r\n        <div class=\"cart_btn\" style=\"text-align: center;\">\r\n                            <!-- If logged out, open Elementor popup-login form -->\r\n                <a style=\"background-color:#82CC82; padding:10px; cursor:pointer; color: #fff\" \r\n                   href=\"#elementor-action%3Aaction%3Dpopup%3Aopen%26settings%3DeyJpZCI6MjE1NDcsInRvZ2dsZSI6ZmFsc2V9\" \r\n                   >\r\n                   Buy Plan & Submit PR\r\n                <\/a>\r\n                    <\/div>\r\n    <\/div>\r\n    <\/div>\n\t\t\t\t\t\t<\/div>\n\t\t\t\t<\/div>\n\t\t\t\t<\/div>\n\t\t<div class=\"elementor-element elementor-element-876aef8 e-con-full e-flex e-con e-child\" data-id=\"876aef8\" data-element_type=\"container\" data-e-type=\"container\">\n\t\t\t\t<div class=\"elementor-element elementor-element-abbf085 package-area elementor-widget elementor-widget-shortcode\" data-id=\"abbf085\" data-element_type=\"widget\" data-e-type=\"widget\" data-package-id=\"1043\" data-widget_type=\"shortcode.default\">\n\t\t\t\t<div class=\"elementor-widget-container\">\n\t\t\t\t\t\t\t<div class=\"elementor-shortcode\">    <div class=\"custom-product-box\" style=\"padding:20px; margin-bottom:30px;\">\r\n        <h3 style=\"margin-bottom:10px; text-align: center;\">PR MENA Plus\u2122<\/h3>\r\n\r\n        <p style=\"font-size:18px; color:#82CC82; font-weight: bold; text-align: center;\">\r\n            <span class=\"woocommerce-Price-amount amount\"><bdi><span class=\"woocommerce-Price-currencySymbol\">&#36;<\/span>1,200.00<\/bdi><\/span>        <\/p>\r\n\t\t\r\n\t\t <div class=\"cart_btn\" style=\"color: #fff; text-align: center; margin: 10px 0;\">\r\n                            <!-- If logged out, open Elementor popup-login form -->\r\n                <a style=\"background-color:#82CC82; padding:10px; cursor:pointer; color: #fff\" \r\n                   href=\"#elementor-action%3Aaction%3Dpopup%3Aopen%26settings%3DeyJpZCI6MjE1NDcsInRvZ2dsZSI6ZmFsc2V9\" \r\n                   >\r\n                   Buy Plan & Submit PR\r\n                <\/a>\r\n            \t\t <\/div>\r\n\t\t\r\n\r\n        <div style=\"margin:15px 0;\">\r\n            <p>Profitez des avantages de PR MENA\u2122 et de sa port\u00e9e :<\/p>\n<ul>\n<li>jusqu'\u00e0 5 000 journalistes, experts, analystes, reporters, blogueurs,<br \/>\ninfluenceurs au Moyen-Orient, en Afrique du Nord et dans le monde arabe.<\/li>\n<li>fils de presse, terminaux d'information, agences de presse et services de syndication.<\/li>\n<li>Soyez publi\u00e9 sur plus de 200 portails d'information en anglais ou en arabe<\/li>\n<li>Comptez jusqu'\u00e0 3 jours ouvrables pour le rapport de d\u00e9coupage.<\/li>\n<li>Voir les exemples de rapports d'\u00e9cr\u00eatage :<br \/>\nDistribution en <a href=\"https:\/\/drive.google.com\/file\/d\/1olETpzXZa84YwG0yFyJcn9jIr5R1tMpT\/view?usp=sharing\">arabe<\/a><br \/>\nDistribution <a href=\"https:\/\/drive.google.com\/file\/d\/1Oxyf1hVvUBevMCJ-M5WK8fUCN96IskN2\/view?usp=sharing\">en anglais<\/a><\/li>\n<\/ul>\n        <\/div>\r\n\r\n        <div class=\"cart_btn\" style=\"text-align: center;\">\r\n                            <!-- If logged out, open Elementor popup-login form -->\r\n                <a style=\"background-color:#82CC82; padding:10px; cursor:pointer; color: #fff\" \r\n                   href=\"#elementor-action%3Aaction%3Dpopup%3Aopen%26settings%3DeyJpZCI6MjE1NDcsInRvZ2dsZSI6ZmFsc2V9\" \r\n                   >\r\n                   Buy Plan & Submit PR\r\n                <\/a>\r\n                    <\/div>\r\n    <\/div>\r\n    <\/div>\n\t\t\t\t\t\t<\/div>\n\t\t\t\t<\/div>\n\t\t\t\t<\/div>\n\t\t\t\t\t<\/div>\n\t\t\t\t<\/div>\n\t\t<div class=\"elementor-element elementor-element-026cf0c e-flex e-con-boxed e-con e-parent\" data-id=\"026cf0c\" data-element_type=\"container\" data-e-type=\"container\">\n\t\t\t\t\t<div class=\"e-con-inner\">\n\t\t\t\t<div class=\"elementor-element elementor-element-dd8eaf5 elementor-widget elementor-widget-text-editor\" data-id=\"dd8eaf5\" data-element_type=\"widget\" data-e-type=\"widget\" data-widget_type=\"text-editor.default\">\n\t\t\t\t<div class=\"elementor-widget-container\">\n\t\t\t\t\t\t\t\t\t<p>** <strong>Distribution des communiqu\u00e9s de presse par syndication<\/strong>: En fonction du plan, votre communiqu\u00e9 de presse est syndiqu\u00e9 via ANI, SyndiGate et d&rsquo;autres services de syndication majeurs au Moyen-Orient. Votre communiqu\u00e9 de presse est ensuite distribu\u00e9 aux principaux agr\u00e9gateurs mondiaux tels que Google News, MSN, aux bases de donn\u00e9es d&rsquo;actualit\u00e9s et aux plateformes d&rsquo;actualit\u00e9s professionnelles, ainsi qu&rsquo;\u00e0 des centaines d&rsquo;\u00e9diteurs du CCG, de la r\u00e9gion MENA et du monde arabe.   <\/p>\t\t\t\t\t\t\t\t<\/div>\n\t\t\t\t<\/div>\n\t\t\t\t<div class=\"elementor-element elementor-element-9ab2fd4 elementor-hidden-desktop elementor-hidden-tablet elementor-hidden-mobile elementor-widget elementor-widget-button\" data-id=\"9ab2fd4\" data-element_type=\"widget\" data-e-type=\"widget\" data-widget_type=\"button.default\">\n\t\t\t\t<div class=\"elementor-widget-container\">\n\t\t\t\t\t\t\t\t\t<div class=\"elementor-button-wrapper\">\n\t\t\t\t\t<a class=\"elementor-button elementor-button-link elementor-size-sm\" href=\"#elementor-action%3Aaction%3Dpopup%3Aopen%26settings%3DeyJpZCI6MjE1NDcsInRvZ2dsZSI6ZmFsc2V9\">\n\t\t\t\t\t\t<span class=\"elementor-button-content-wrapper\">\n\t\t\t\t\t\t\t\t\t<span class=\"elementor-button-text\">Cliquez ici<\/span>\n\t\t\t\t\t<\/span>\n\t\t\t\t\t<\/a>\n\t\t\t\t<\/div>\n\t\t\t\t\t\t\t\t<\/div>\n\t\t\t\t<\/div>\n\t\t\t\t\t<\/div>\n\t\t\t\t<\/div>\n\t\t\t\t<\/div>\n\t\t","protected":false},"excerpt":{"rendered":"<p>Soumettre un communiqu\u00e9 de presse dans les \u00c9mirats arabes unis, l&rsquo;Afrique du Sud, le CCG, la r\u00e9gion MENA ou le monde arabe Pour soumettre un communiqu\u00e9 de presse, choisissez le plan ci-dessous et cliquez sur \u00ab\u00a0Acheter un plan\u00a0\u00bb. Si vous avez des questions, appelez Phone\/WhatsApp : +1 832-716-2363. Telegram : groupwebmedia. ** Distribution des communiqu\u00e9s [&hellip;]<\/p>\n","protected":false},"author":1,"featured_media":0,"parent":0,"menu_order":0,"comment_status":"closed","ping_status":"closed","template":"","meta":{"footnotes":""},"class_list":["post-18046","page","type-page","status-publish"],"yoast_head":"<!-- This site is optimized with the Yoast SEO plugin v27.4 - https:\/\/yoast.com\/product\/yoast-seo-wordpress\/ -->\n<title>Distribution de communiqu\u00e9s de presse aux m\u00e9dias des r\u00e9gions du Moyen-Orient et de l&#039;Afrique du Nord (MENA)<\/title>\n<meta name=\"description\" content=\"Services de distribution de communiqu\u00e9s de presse pour le Moyen-Orient et l&#039;Afrique du Nord (MENA)\" \/>\n<meta name=\"robots\" content=\"index, follow, max-snippet:-1, max-image-preview:large, max-video-preview:-1\" \/>\n<link rel=\"canonical\" href=\"https:\/\/arabnewswire.com\/fr\/submit-press-release-fr\/\" \/>\n<meta property=\"og:locale\" content=\"fr_FR\" \/>\n<meta property=\"og:type\" content=\"article\" \/>\n<meta property=\"og:title\" content=\"Distribution de communiqu\u00e9s de presse aux m\u00e9dias des r\u00e9gions du Moyen-Orient et de l&#039;Afrique du Nord (MENA)\" \/>\n<meta property=\"og:description\" content=\"Services de distribution de communiqu\u00e9s de presse pour le Moyen-Orient et l&#039;Afrique du Nord (MENA)\" \/>\n<meta property=\"og:url\" content=\"https:\/\/arabnewswire.com\/fr\/submit-press-release-fr\/\" \/>\n<meta property=\"og:site_name\" content=\"Journal arabe\" \/>\n<meta property=\"article:modified_time\" content=\"2025-09-07T09:34:38+00:00\" \/>\n<meta property=\"og:image\" content=\"https:\/\/i0.wp.com\/arabnewswire.com\/wp-content\/uploads\/2022\/10\/ArabNewswire-Logo-Sized-for-Web.png?fit=430%2C237&ssl=1\" \/>\n\t<meta property=\"og:image:width\" content=\"430\" \/>\n\t<meta property=\"og:image:height\" content=\"237\" \/>\n\t<meta property=\"og:image:type\" content=\"image\/png\" \/>\n<meta name=\"twitter:card\" content=\"summary_large_image\" \/>\n<meta name=\"twitter:label1\" content=\"Dur\u00e9e de lecture estim\u00e9e\" \/>\n\t<meta name=\"twitter:data1\" content=\"1 minute\" \/>\n<script type=\"application\/ld+json\" class=\"yoast-schema-graph\">{\"@context\":\"https:\\\/\\\/schema.org\",\"@graph\":[{\"@type\":\"WebPage\",\"@id\":\"https:\\\/\\\/arabnewswire.com\\\/fr\\\/submit-press-release-fr\\\/\",\"url\":\"https:\\\/\\\/arabnewswire.com\\\/fr\\\/submit-press-release-fr\\\/\",\"name\":\"Distribution de communiqu\u00e9s de presse aux m\u00e9dias des r\u00e9gions du Moyen-Orient et de l'Afrique du Nord (MENA)\",\"isPartOf\":{\"@id\":\"https:\\\/\\\/arabnewswire.com\\\/fr\\\/#website\"},\"datePublished\":\"2020-07-02T19:34:24+00:00\",\"dateModified\":\"2025-09-07T09:34:38+00:00\",\"description\":\"Services de distribution de communiqu\u00e9s de presse pour le Moyen-Orient et l'Afrique du Nord (MENA)\",\"breadcrumb\":{\"@id\":\"https:\\\/\\\/arabnewswire.com\\\/fr\\\/submit-press-release-fr\\\/#breadcrumb\"},\"inLanguage\":\"fr-FR\",\"potentialAction\":[{\"@type\":\"ReadAction\",\"target\":[\"https:\\\/\\\/arabnewswire.com\\\/fr\\\/submit-press-release-fr\\\/\"]}]},{\"@type\":\"BreadcrumbList\",\"@id\":\"https:\\\/\\\/arabnewswire.com\\\/fr\\\/submit-press-release-fr\\\/#breadcrumb\",\"itemListElement\":[{\"@type\":\"ListItem\",\"position\":1,\"name\":\"Home\",\"item\":\"https:\\\/\\\/arabnewswire.com\\\/fr\\\/\"},{\"@type\":\"ListItem\",\"position\":2,\"name\":\"Soumettre un communiqu\u00e9 de presse\"}]},{\"@type\":\"WebSite\",\"@id\":\"https:\\\/\\\/arabnewswire.com\\\/fr\\\/#website\",\"url\":\"https:\\\/\\\/arabnewswire.com\\\/fr\\\/\",\"name\":\"Arabnewswire\",\"description\":\"ArabNewswre\u2122\ufe0f | Services de diffusion de communiqu\u00e9s de presse pour le Moyen-Orient et l&#039;Afrique du Nord (MENA)\",\"publisher\":{\"@id\":\"https:\\\/\\\/arabnewswire.com\\\/fr\\\/#organization\"},\"potentialAction\":[{\"@type\":\"SearchAction\",\"target\":{\"@type\":\"EntryPoint\",\"urlTemplate\":\"https:\\\/\\\/arabnewswire.com\\\/fr\\\/?s={search_term_string}\"},\"query-input\":{\"@type\":\"PropertyValueSpecification\",\"valueRequired\":true,\"valueName\":\"search_term_string\"}}],\"inLanguage\":\"fr-FR\"},{\"@type\":\"Organization\",\"@id\":\"https:\\\/\\\/arabnewswire.com\\\/fr\\\/#organization\",\"name\":\"Arabnewswire\",\"url\":\"https:\\\/\\\/arabnewswire.com\\\/fr\\\/\",\"logo\":{\"@type\":\"ImageObject\",\"inLanguage\":\"fr-FR\",\"@id\":\"https:\\\/\\\/arabnewswire.com\\\/fr\\\/#\\\/schema\\\/logo\\\/image\\\/\",\"url\":\"https:\\\/\\\/i0.wp.com\\\/arabnewswire.com\\\/wp-content\\\/uploads\\\/2020\\\/05\\\/arabnewswrie-logo.png?fit=270%2C63&ssl=1\",\"contentUrl\":\"https:\\\/\\\/i0.wp.com\\\/arabnewswire.com\\\/wp-content\\\/uploads\\\/2020\\\/05\\\/arabnewswrie-logo.png?fit=270%2C63&ssl=1\",\"width\":270,\"height\":63,\"caption\":\"Arabnewswire\"},\"image\":{\"@id\":\"https:\\\/\\\/arabnewswire.com\\\/fr\\\/#\\\/schema\\\/logo\\\/image\\\/\"}}]}<\/script>\n<!-- \/ Yoast SEO plugin. -->","yoast_head_json":{"title":"Distribution de communiqu\u00e9s de presse aux m\u00e9dias des r\u00e9gions du Moyen-Orient et de l'Afrique du Nord (MENA)","description":"Services de distribution de communiqu\u00e9s de presse pour le Moyen-Orient et l'Afrique du Nord (MENA)","robots":{"index":"index","follow":"follow","max-snippet":"max-snippet:-1","max-image-preview":"max-image-preview:large","max-video-preview":"max-video-preview:-1"},"canonical":"https:\/\/arabnewswire.com\/fr\/submit-press-release-fr\/","og_locale":"fr_FR","og_type":"article","og_title":"Distribution de communiqu\u00e9s de presse aux m\u00e9dias des r\u00e9gions du Moyen-Orient et de l'Afrique du Nord (MENA)","og_description":"Services de distribution de communiqu\u00e9s de presse pour le Moyen-Orient et l'Afrique du Nord (MENA)","og_url":"https:\/\/arabnewswire.com\/fr\/submit-press-release-fr\/","og_site_name":"Journal arabe","article_modified_time":"2025-09-07T09:34:38+00:00","og_image":[{"width":430,"height":237,"url":"https:\/\/i0.wp.com\/arabnewswire.com\/wp-content\/uploads\/2022\/10\/ArabNewswire-Logo-Sized-for-Web.png?fit=430%2C237&ssl=1","type":"image\/png"}],"twitter_card":"summary_large_image","twitter_misc":{"Dur\u00e9e de lecture estim\u00e9e":"1 minute"},"schema":{"@context":"https:\/\/schema.org","@graph":[{"@type":"WebPage","@id":"https:\/\/arabnewswire.com\/fr\/submit-press-release-fr\/","url":"https:\/\/arabnewswire.com\/fr\/submit-press-release-fr\/","name":"Distribution de communiqu\u00e9s de presse aux m\u00e9dias des r\u00e9gions du Moyen-Orient et de l'Afrique du Nord (MENA)","isPartOf":{"@id":"https:\/\/arabnewswire.com\/fr\/#website"},"datePublished":"2020-07-02T19:34:24+00:00","dateModified":"2025-09-07T09:34:38+00:00","description":"Services de distribution de communiqu\u00e9s de presse pour le Moyen-Orient et l'Afrique du Nord (MENA)","breadcrumb":{"@id":"https:\/\/arabnewswire.com\/fr\/submit-press-release-fr\/#breadcrumb"},"inLanguage":"fr-FR","potentialAction":[{"@type":"ReadAction","target":["https:\/\/arabnewswire.com\/fr\/submit-press-release-fr\/"]}]},{"@type":"BreadcrumbList","@id":"https:\/\/arabnewswire.com\/fr\/submit-press-release-fr\/#breadcrumb","itemListElement":[{"@type":"ListItem","position":1,"name":"Home","item":"https:\/\/arabnewswire.com\/fr\/"},{"@type":"ListItem","position":2,"name":"Soumettre un communiqu\u00e9 de presse"}]},{"@type":"WebSite","@id":"https:\/\/arabnewswire.com\/fr\/#website","url":"https:\/\/arabnewswire.com\/fr\/","name":"Arabnewswire","description":"ArabNewswre\u2122\ufe0f | Services de diffusion de communiqu\u00e9s de presse pour le Moyen-Orient et l&#039;Afrique du Nord (MENA)","publisher":{"@id":"https:\/\/arabnewswire.com\/fr\/#organization"},"potentialAction":[{"@type":"SearchAction","target":{"@type":"EntryPoint","urlTemplate":"https:\/\/arabnewswire.com\/fr\/?s={search_term_string}"},"query-input":{"@type":"PropertyValueSpecification","valueRequired":true,"valueName":"search_term_string"}}],"inLanguage":"fr-FR"},{"@type":"Organization","@id":"https:\/\/arabnewswire.com\/fr\/#organization","name":"Arabnewswire","url":"https:\/\/arabnewswire.com\/fr\/","logo":{"@type":"ImageObject","inLanguage":"fr-FR","@id":"https:\/\/arabnewswire.com\/fr\/#\/schema\/logo\/image\/","url":"https:\/\/i0.wp.com\/arabnewswire.com\/wp-content\/uploads\/2020\/05\/arabnewswrie-logo.png?fit=270%2C63&ssl=1","contentUrl":"https:\/\/i0.wp.com\/arabnewswire.com\/wp-content\/uploads\/2020\/05\/arabnewswrie-logo.png?fit=270%2C63&ssl=1","width":270,"height":63,"caption":"Arabnewswire"},"image":{"@id":"https:\/\/arabnewswire.com\/fr\/#\/schema\/logo\/image\/"}}]}},"jetpack_sharing_enabled":true,"jetpack_shortlink":"https:\/\/wp.me\/PgCGET-4H4","_links":{"self":[{"href":"https:\/\/arabnewswire.com\/fr\/wp-json\/wp\/v2\/pages\/18046","targetHints":{"allow":["GET"]}}],"collection":[{"href":"https:\/\/arabnewswire.com\/fr\/wp-json\/wp\/v2\/pages"}],"about":[{"href":"https:\/\/arabnewswire.com\/fr\/wp-json\/wp\/v2\/types\/page"}],"author":[{"embeddable":true,"href":"https:\/\/arabnewswire.com\/fr\/wp-json\/wp\/v2\/users\/1"}],"replies":[{"embeddable":true,"href":"https:\/\/arabnewswire.com\/fr\/wp-json\/wp\/v2\/comments?post=18046"}],"version-history":[{"count":0,"href":"https:\/\/arabnewswire.com\/fr\/wp-json\/wp\/v2\/pages\/18046\/revisions"}],"wp:attachment":[{"href":"https:\/\/arabnewswire.com\/fr\/wp-json\/wp\/v2\/media?parent=18046"}],"curies":[{"name":"wp","href":"https:\/\/api.w.org\/{rel}","templated":true}]}}