{"id":21947,"date":"2020-05-08T06:21:43","date_gmt":"2020-05-08T11:21:43","guid":{"rendered":"https:\/\/arabnewswire.com\/politique-de-confidentialite\/"},"modified":"2020-05-08T06:21:43","modified_gmt":"2020-05-08T11:21:43","slug":"politique-de-confidentialite","status":"publish","type":"page","link":"https:\/\/arabnewswire.com\/fr\/politique-de-confidentialite\/","title":{"rendered":"Politique de confidentialit\u00e9"},"content":{"rendered":"<p><strong>D\u00e9claration de confidentialit\u00e9 pour Arab Newswire\u2122<\/strong><\/p>\n<p><strong>Derni\u00e8re mise \u00e0 jour : 21 ao\u00fbt 2025<\/strong><\/p>\n<p>Arab Newswire\u2122 (\u00ab\u00a0nous\u00a0\u00bb, \u00ab\u00a0notre\u00a0\u00bb ou \u00ab\u00a0nos\u00a0\u00bb) respecte votre vie priv\u00e9e. La pr\u00e9sente d\u00e9claration de confidentialit\u00e9 d\u00e9crit la mani\u00e8re dont nous recueillons, utilisons, stockons et partageons vos informations lorsque vous utilisez notre site web et les services connexes (\u00ab\u00a0Services\u00a0\u00bb). <\/p>\n<ol>\n<li><strong>  Informations que nous recueillons<\/strong><\/li>\n<\/ol>\n<p>Nous pouvons recueillir les types d&rsquo;informations suivants lorsque vous visitez ou utilisez ArabNewswire.com :<\/p>\n<ul>\n<li><strong>Informations personnelles :<\/strong> Si vous vous inscrivez, si vous vous abonnez \u00e0 des bulletins d&rsquo;information ou si vous nous contactez, nous pouvons recueillir des informations telles que votre nom, votre adresse \u00e9lectronique, votre num\u00e9ro de t\u00e9l\u00e9phone ou votre adresse postale.<\/li>\n<li><strong>Donn\u00e9es d&rsquo;utilisation :<\/strong> D\u00e9tails de votre visite, tels que l&rsquo;adresse IP, le type de navigateur, les temps d&rsquo;acc\u00e8s, les pages visit\u00e9es et les URL de r\u00e9f\u00e9rence.<\/li>\n<li><strong>Cookies et technologies de suivi :<\/strong> Nous pouvons utiliser des cookies, des balises web et des technologies similaires pour am\u00e9liorer votre exp\u00e9rience, analyser les performances du site web et afficher un contenu personnalis\u00e9.<\/li>\n<\/ul>\n<ol start=\"2\">\n<li><strong>  Comment nous utilisons vos informations<\/strong><\/li>\n<\/ol>\n<p>Vos informations peuvent \u00eatre utilis\u00e9es pour :<\/p>\n<ul>\n<li>Fournir, exploiter et maintenir nos services.<\/li>\n<li>Communiquer avec vous, r\u00e9pondre \u00e0 vos demandes et vous envoyer des bulletins d&rsquo;information ou des mises \u00e0 jour (si vous avez choisi de le faire).<\/li>\n<li>Am\u00e9liorer notre site web et l&rsquo;exp\u00e9rience des utilisateurs.<\/li>\n<li>Analyser les sch\u00e9mas d&rsquo;utilisation du site \u00e0 des fins internes.<\/li>\n<\/ul>\n<ol start=\"3\">\n<li><strong>  Partage de vos informations<\/strong><\/li>\n<\/ol>\n<p>Nous ne vendons pas vos informations personnelles. Nous pouvons partager vos donn\u00e9es : <\/p>\n<ul>\n<li>Avec des prestataires de services ou des partenaires qui nous aident \u00e0 exploiter le site web et \u00e0 fournir des services (li\u00e9s par des obligations de confidentialit\u00e9).<\/li>\n<li>Lorsque la loi l&rsquo;exige ou pour prot\u00e9ger les droits, la propri\u00e9t\u00e9 ou la s\u00e9curit\u00e9 d&rsquo;ArabNewswire.com, de nos utilisateurs ou d&rsquo;autres personnes.<\/li>\n<li>dans le cadre d&rsquo;une fusion ou d&rsquo;une vente d&rsquo;actifs, \u00e0 condition que le destinataire s&rsquo;engage \u00e0 respecter vos informations comme indiqu\u00e9 dans la pr\u00e9sente politique.<\/li>\n<\/ul>\n<ol start=\"4\">\n<li><strong>  Vos droits et vos choix<\/strong><\/li>\n<\/ol>\n<p>Vous avez le droit de :<\/p>\n<ul>\n<li>Acc\u00e9dez \u00e0 vos informations personnelles, mettez-les \u00e0 jour ou supprimez-les en nous contactant.<\/li>\n<li>Refusez de recevoir des courriels de marketing \u00e0 tout moment en utilisant le lien de d\u00e9sinscription fourni dans ces courriels.<\/li>\n<li>D\u00e9sactiver les cookies par le biais des param\u00e8tres de votre navigateur, bien que certaines fonctionnalit\u00e9s du site puissent ne pas fonctionner correctement.<\/li>\n<\/ul>\n<ol start=\"5\">\n<li><strong>  S\u00e9curit\u00e9<\/strong><\/li>\n<\/ol>\n<p>Nous mettons en \u0153uvre des mesures de protection administratives, techniques et physiques raisonnables pour prot\u00e9ger vos informations personnelles contre tout acc\u00e8s, utilisation ou divulgation non autoris\u00e9s.<\/p>\n<ol start=\"6\">\n<li><strong>  Vie priv\u00e9e des enfants<\/strong><\/li>\n<\/ol>\n<p>ArabNewswire.com ne s&rsquo;adresse pas aux enfants de moins de 13 ans. Nous ne recueillons pas sciemment d&rsquo;informations personnelles aupr\u00e8s d&rsquo;enfants. <\/p>\n<ol start=\"7\">\n<li><strong>  Liens avec des tiers<\/strong><\/li>\n<\/ol>\n<p>Notre site web peut contenir des liens vers des sites web de tiers. Nous ne sommes pas responsables des pratiques de ces sites en mati\u00e8re de protection de la vie priv\u00e9e. <\/p>\n<ol start=\"8\">\n<li><strong>  Modifications de la pr\u00e9sente d\u00e9claration de confidentialit\u00e9<\/strong><\/li>\n<\/ol>\n<p>Nous pouvons mettre \u00e0 jour la pr\u00e9sente d\u00e9claration de confidentialit\u00e9 de temps \u00e0 autre. Les modifications seront publi\u00e9es sur cette page avec une date d&rsquo;entr\u00e9e en vigueur actualis\u00e9e. Nous vous invitons \u00e0 la consulter r\u00e9guli\u00e8rement.  <\/p>\n<ol start=\"9\">\n<li><strong>  Contactez nous<\/strong><\/li>\n<\/ol>\n<p>Si vous avez des questions ou des pr\u00e9occupations concernant la pr\u00e9sente d\u00e9claration de confidentialit\u00e9 ou nos pratiques en mati\u00e8re de donn\u00e9es, veuillez nous contacter \u00e0 l&rsquo;adresse suivante : editor {at} arabnewswire.com.  <\/p>\n<p>&nbsp;<\/p>\n","protected":false},"excerpt":{"rendered":"<p>D\u00e9claration de confidentialit\u00e9 pour Arab Newswire\u2122 Derni\u00e8re mise \u00e0 jour : 21 ao\u00fbt 2025 Arab Newswire\u2122 (\u00ab\u00a0nous\u00a0\u00bb, \u00ab\u00a0notre\u00a0\u00bb ou \u00ab\u00a0nos\u00a0\u00bb) respecte votre vie priv\u00e9e. La pr\u00e9sente d\u00e9claration de confidentialit\u00e9 d\u00e9crit la mani\u00e8re dont nous recueillons, utilisons, stockons et partageons vos informations lorsque vous utilisez notre site web et les services connexes (\u00ab\u00a0Services\u00a0\u00bb). Informations que nous [&hellip;]<\/p>\n","protected":false},"author":1,"featured_media":0,"parent":0,"menu_order":0,"comment_status":"closed","ping_status":"closed","template":"","meta":{"footnotes":""},"class_list":["post-21947","page","type-page","status-publish"],"yoast_head":"<!-- This site is optimized with the Yoast SEO plugin v27.5 - https:\/\/yoast.com\/product\/yoast-seo-wordpress\/ -->\n<title>Politique de confidentialit\u00e9<\/title>\n<meta name=\"robots\" content=\"index, follow, max-snippet:-1, max-image-preview:large, max-video-preview:-1\" \/>\n<link rel=\"canonical\" href=\"https:\/\/arabnewswire.com\/fr\/politique-de-confidentialite\/\" \/>\n<meta property=\"og:locale\" content=\"fr_FR\" \/>\n<meta property=\"og:type\" content=\"article\" \/>\n<meta property=\"og:title\" content=\"Politique de confidentialit\u00e9\" \/>\n<meta property=\"og:description\" content=\"D\u00e9claration de confidentialit\u00e9 pour Arab Newswire\u2122 Derni\u00e8re mise \u00e0 jour : 21 ao\u00fbt 2025 Arab Newswire\u2122 (\u00ab\u00a0nous\u00a0\u00bb, \u00ab\u00a0notre\u00a0\u00bb ou \u00ab\u00a0nos\u00a0\u00bb) respecte votre vie priv\u00e9e. La pr\u00e9sente d\u00e9claration de confidentialit\u00e9 d\u00e9crit la mani\u00e8re dont nous recueillons, utilisons, stockons et partageons vos informations lorsque vous utilisez notre site web et les services connexes (\u00ab\u00a0Services\u00a0\u00bb). Informations que nous [&hellip;]\" \/>\n<meta property=\"og:url\" content=\"https:\/\/arabnewswire.com\/fr\/politique-de-confidentialite\/\" \/>\n<meta property=\"og:site_name\" content=\"Journal arabe\" \/>\n<meta property=\"og:image\" content=\"https:\/\/i0.wp.com\/arabnewswire.com\/wp-content\/uploads\/2022\/10\/ArabNewswire-Logo-Sized-for-Web.png?fit=430%2C237&ssl=1\" \/>\n\t<meta property=\"og:image:width\" content=\"430\" \/>\n\t<meta property=\"og:image:height\" content=\"237\" \/>\n\t<meta property=\"og:image:type\" content=\"image\/png\" \/>\n<meta name=\"twitter:card\" content=\"summary_large_image\" \/>\n<meta name=\"twitter:label1\" content=\"Dur\u00e9e de lecture estim\u00e9e\" \/>\n\t<meta name=\"twitter:data1\" content=\"3 minutes\" \/>\n<script type=\"application\/ld+json\" class=\"yoast-schema-graph\">{\"@context\":\"https:\\\/\\\/schema.org\",\"@graph\":[{\"@type\":\"WebPage\",\"@id\":\"https:\\\/\\\/arabnewswire.com\\\/fr\\\/politique-de-confidentialite\\\/\",\"url\":\"https:\\\/\\\/arabnewswire.com\\\/fr\\\/politique-de-confidentialite\\\/\",\"name\":\"Politique de confidentialit\u00e9\",\"isPartOf\":{\"@id\":\"https:\\\/\\\/arabnewswire.com\\\/fr\\\/#website\"},\"datePublished\":\"2020-05-08T11:21:43+00:00\",\"breadcrumb\":{\"@id\":\"https:\\\/\\\/arabnewswire.com\\\/fr\\\/politique-de-confidentialite\\\/#breadcrumb\"},\"inLanguage\":\"fr-FR\",\"potentialAction\":[{\"@type\":\"ReadAction\",\"target\":[\"https:\\\/\\\/arabnewswire.com\\\/fr\\\/politique-de-confidentialite\\\/\"]}]},{\"@type\":\"BreadcrumbList\",\"@id\":\"https:\\\/\\\/arabnewswire.com\\\/fr\\\/politique-de-confidentialite\\\/#breadcrumb\",\"itemListElement\":[{\"@type\":\"ListItem\",\"position\":1,\"name\":\"Home\",\"item\":\"https:\\\/\\\/arabnewswire.com\\\/fr\\\/\"},{\"@type\":\"ListItem\",\"position\":2,\"name\":\"Politique de confidentialit\u00e9\"}]},{\"@type\":\"WebSite\",\"@id\":\"https:\\\/\\\/arabnewswire.com\\\/fr\\\/#website\",\"url\":\"https:\\\/\\\/arabnewswire.com\\\/fr\\\/\",\"name\":\"Arabnewswire\",\"description\":\"ArabNewswre\u2122\ufe0f | Services de diffusion de communiqu\u00e9s de presse pour le Moyen-Orient et l&#039;Afrique du Nord (MENA)\",\"publisher\":{\"@id\":\"https:\\\/\\\/arabnewswire.com\\\/fr\\\/#organization\"},\"potentialAction\":[{\"@type\":\"SearchAction\",\"target\":{\"@type\":\"EntryPoint\",\"urlTemplate\":\"https:\\\/\\\/arabnewswire.com\\\/fr\\\/?s={search_term_string}\"},\"query-input\":{\"@type\":\"PropertyValueSpecification\",\"valueRequired\":true,\"valueName\":\"search_term_string\"}}],\"inLanguage\":\"fr-FR\"},{\"@type\":\"Organization\",\"@id\":\"https:\\\/\\\/arabnewswire.com\\\/fr\\\/#organization\",\"name\":\"Arabnewswire\",\"url\":\"https:\\\/\\\/arabnewswire.com\\\/fr\\\/\",\"logo\":{\"@type\":\"ImageObject\",\"inLanguage\":\"fr-FR\",\"@id\":\"https:\\\/\\\/arabnewswire.com\\\/fr\\\/#\\\/schema\\\/logo\\\/image\\\/\",\"url\":\"https:\\\/\\\/i0.wp.com\\\/arabnewswire.com\\\/wp-content\\\/uploads\\\/2020\\\/05\\\/arabnewswrie-logo.png?fit=270%2C63&ssl=1\",\"contentUrl\":\"https:\\\/\\\/i0.wp.com\\\/arabnewswire.com\\\/wp-content\\\/uploads\\\/2020\\\/05\\\/arabnewswrie-logo.png?fit=270%2C63&ssl=1\",\"width\":270,\"height\":63,\"caption\":\"Arabnewswire\"},\"image\":{\"@id\":\"https:\\\/\\\/arabnewswire.com\\\/fr\\\/#\\\/schema\\\/logo\\\/image\\\/\"}}]}<\/script>\n<!-- \/ Yoast SEO plugin. -->","yoast_head_json":{"title":"Politique de confidentialit\u00e9","robots":{"index":"index","follow":"follow","max-snippet":"max-snippet:-1","max-image-preview":"max-image-preview:large","max-video-preview":"max-video-preview:-1"},"canonical":"https:\/\/arabnewswire.com\/fr\/politique-de-confidentialite\/","og_locale":"fr_FR","og_type":"article","og_title":"Politique de confidentialit\u00e9","og_description":"D\u00e9claration de confidentialit\u00e9 pour Arab Newswire\u2122 Derni\u00e8re mise \u00e0 jour : 21 ao\u00fbt 2025 Arab Newswire\u2122 (\u00ab\u00a0nous\u00a0\u00bb, \u00ab\u00a0notre\u00a0\u00bb ou \u00ab\u00a0nos\u00a0\u00bb) respecte votre vie priv\u00e9e. La pr\u00e9sente d\u00e9claration de confidentialit\u00e9 d\u00e9crit la mani\u00e8re dont nous recueillons, utilisons, stockons et partageons vos informations lorsque vous utilisez notre site web et les services connexes (\u00ab\u00a0Services\u00a0\u00bb). Informations que nous [&hellip;]","og_url":"https:\/\/arabnewswire.com\/fr\/politique-de-confidentialite\/","og_site_name":"Journal arabe","og_image":[{"width":430,"height":237,"url":"https:\/\/i0.wp.com\/arabnewswire.com\/wp-content\/uploads\/2022\/10\/ArabNewswire-Logo-Sized-for-Web.png?fit=430%2C237&ssl=1","type":"image\/png"}],"twitter_card":"summary_large_image","twitter_misc":{"Dur\u00e9e de lecture estim\u00e9e":"3 minutes"},"schema":{"@context":"https:\/\/schema.org","@graph":[{"@type":"WebPage","@id":"https:\/\/arabnewswire.com\/fr\/politique-de-confidentialite\/","url":"https:\/\/arabnewswire.com\/fr\/politique-de-confidentialite\/","name":"Politique de confidentialit\u00e9","isPartOf":{"@id":"https:\/\/arabnewswire.com\/fr\/#website"},"datePublished":"2020-05-08T11:21:43+00:00","breadcrumb":{"@id":"https:\/\/arabnewswire.com\/fr\/politique-de-confidentialite\/#breadcrumb"},"inLanguage":"fr-FR","potentialAction":[{"@type":"ReadAction","target":["https:\/\/arabnewswire.com\/fr\/politique-de-confidentialite\/"]}]},{"@type":"BreadcrumbList","@id":"https:\/\/arabnewswire.com\/fr\/politique-de-confidentialite\/#breadcrumb","itemListElement":[{"@type":"ListItem","position":1,"name":"Home","item":"https:\/\/arabnewswire.com\/fr\/"},{"@type":"ListItem","position":2,"name":"Politique de confidentialit\u00e9"}]},{"@type":"WebSite","@id":"https:\/\/arabnewswire.com\/fr\/#website","url":"https:\/\/arabnewswire.com\/fr\/","name":"Arabnewswire","description":"ArabNewswre\u2122\ufe0f | Services de diffusion de communiqu\u00e9s de presse pour le Moyen-Orient et l&#039;Afrique du Nord (MENA)","publisher":{"@id":"https:\/\/arabnewswire.com\/fr\/#organization"},"potentialAction":[{"@type":"SearchAction","target":{"@type":"EntryPoint","urlTemplate":"https:\/\/arabnewswire.com\/fr\/?s={search_term_string}"},"query-input":{"@type":"PropertyValueSpecification","valueRequired":true,"valueName":"search_term_string"}}],"inLanguage":"fr-FR"},{"@type":"Organization","@id":"https:\/\/arabnewswire.com\/fr\/#organization","name":"Arabnewswire","url":"https:\/\/arabnewswire.com\/fr\/","logo":{"@type":"ImageObject","inLanguage":"fr-FR","@id":"https:\/\/arabnewswire.com\/fr\/#\/schema\/logo\/image\/","url":"https:\/\/i0.wp.com\/arabnewswire.com\/wp-content\/uploads\/2020\/05\/arabnewswrie-logo.png?fit=270%2C63&ssl=1","contentUrl":"https:\/\/i0.wp.com\/arabnewswire.com\/wp-content\/uploads\/2020\/05\/arabnewswrie-logo.png?fit=270%2C63&ssl=1","width":270,"height":63,"caption":"Arabnewswire"},"image":{"@id":"https:\/\/arabnewswire.com\/fr\/#\/schema\/logo\/image\/"}}]}},"jetpack_sharing_enabled":true,"jetpack_shortlink":"https:\/\/wp.me\/PgCGET-5HZ","_links":{"self":[{"href":"https:\/\/arabnewswire.com\/fr\/wp-json\/wp\/v2\/pages\/21947","targetHints":{"allow":["GET"]}}],"collection":[{"href":"https:\/\/arabnewswire.com\/fr\/wp-json\/wp\/v2\/pages"}],"about":[{"href":"https:\/\/arabnewswire.com\/fr\/wp-json\/wp\/v2\/types\/page"}],"author":[{"embeddable":true,"href":"https:\/\/arabnewswire.com\/fr\/wp-json\/wp\/v2\/users\/1"}],"replies":[{"embeddable":true,"href":"https:\/\/arabnewswire.com\/fr\/wp-json\/wp\/v2\/comments?post=21947"}],"version-history":[{"count":0,"href":"https:\/\/arabnewswire.com\/fr\/wp-json\/wp\/v2\/pages\/21947\/revisions"}],"wp:attachment":[{"href":"https:\/\/arabnewswire.com\/fr\/wp-json\/wp\/v2\/media?parent=21947"}],"curies":[{"name":"wp","href":"https:\/\/api.w.org\/{rel}","templated":true}]}}