{"id":14180,"date":"2020-05-20T12:08:09","date_gmt":"2020-05-20T17:08:09","guid":{"rendered":"https:\/\/arabnewswire.com\/my-account\/"},"modified":"2025-08-20T12:59:39","modified_gmt":"2025-08-20T17:59:39","slug":"my-account","status":"publish","type":"page","link":"https:\/\/arabnewswire.com\/tr\/my-account\/","title":{"rendered":"Hesab\u0131m"},"content":{"rendered":"<div class=\"woocommerce\"><\/div>\n","protected":false},"excerpt":{"rendered":"","protected":false},"author":265,"featured_media":0,"parent":0,"menu_order":0,"comment_status":"closed","ping_status":"closed","template":"","meta":{"footnotes":""},"class_list":["post-14180","page","type-page","status-publish"],"yoast_head":"<!-- This site is optimized with the Yoast SEO plugin v27.4 - https:\/\/yoast.com\/product\/yoast-seo-wordpress\/ -->\n<title>Hesab\u0131m<\/title>\n<meta name=\"robots\" content=\"index, follow, max-snippet:-1, max-image-preview:large, max-video-preview:-1\" \/>\n<link rel=\"canonical\" href=\"https:\/\/arabnewswire.com\/tr\/my-account\/\" \/>\n<meta property=\"og:locale\" content=\"tr_TR\" \/>\n<meta property=\"og:type\" content=\"article\" \/>\n<meta property=\"og:title\" content=\"Hesab\u0131m\" \/>\n<meta property=\"og:url\" content=\"https:\/\/arabnewswire.com\/tr\/my-account\/\" \/>\n<meta property=\"og:site_name\" content=\"Arap Haberleri\" \/>\n<meta property=\"article:modified_time\" content=\"2025-08-20T17:59:39+00:00\" \/>\n<meta property=\"og:image\" content=\"https:\/\/i0.wp.com\/arabnewswire.com\/wp-content\/uploads\/2022\/10\/ArabNewswire-Logo-Sized-for-Web.png?fit=430%2C237&ssl=1\" \/>\n\t<meta property=\"og:image:width\" content=\"430\" \/>\n\t<meta property=\"og:image:height\" content=\"237\" \/>\n\t<meta property=\"og:image:type\" content=\"image\/png\" \/>\n<meta name=\"twitter:card\" content=\"summary_large_image\" \/>\n<meta name=\"twitter:label1\" content=\"Tahmini okuma s\u00fcresi\" \/>\n\t<meta name=\"twitter:data1\" content=\"1 dakika\" \/>\n<script type=\"application\/ld+json\" class=\"yoast-schema-graph\">{\"@context\":\"https:\\\/\\\/schema.org\",\"@graph\":[{\"@type\":\"WebPage\",\"@id\":\"https:\\\/\\\/arabnewswire.com\\\/tr\\\/my-account\\\/\",\"url\":\"https:\\\/\\\/arabnewswire.com\\\/tr\\\/my-account\\\/\",\"name\":\"Hesab\u0131m\",\"isPartOf\":{\"@id\":\"https:\\\/\\\/arabnewswire.com\\\/tr\\\/#website\"},\"datePublished\":\"2020-05-20T17:08:09+00:00\",\"dateModified\":\"2025-08-20T17:59:39+00:00\",\"breadcrumb\":{\"@id\":\"https:\\\/\\\/arabnewswire.com\\\/tr\\\/my-account\\\/#breadcrumb\"},\"inLanguage\":\"tr\",\"potentialAction\":[{\"@type\":\"ReadAction\",\"target\":[\"https:\\\/\\\/arabnewswire.com\\\/tr\\\/my-account\\\/\"]}]},{\"@type\":\"BreadcrumbList\",\"@id\":\"https:\\\/\\\/arabnewswire.com\\\/tr\\\/my-account\\\/#breadcrumb\",\"itemListElement\":[{\"@type\":\"ListItem\",\"position\":1,\"name\":\"Home\",\"item\":\"https:\\\/\\\/arabnewswire.com\\\/tr\\\/\"},{\"@type\":\"ListItem\",\"position\":2,\"name\":\"Hesab\u0131m\"}]},{\"@type\":\"WebSite\",\"@id\":\"https:\\\/\\\/arabnewswire.com\\\/tr\\\/#website\",\"url\":\"https:\\\/\\\/arabnewswire.com\\\/tr\\\/\",\"name\":\"Arabnewswire\",\"description\":\"ArabNewswre\u2122\ufe0f | Orta Do\u011fu ve Kuzey Afrika (MENA) Bas\u0131n B\u00fclteni Da\u011f\u0131t\u0131m Hizmetleri\",\"publisher\":{\"@id\":\"https:\\\/\\\/arabnewswire.com\\\/tr\\\/#organization\"},\"potentialAction\":[{\"@type\":\"SearchAction\",\"target\":{\"@type\":\"EntryPoint\",\"urlTemplate\":\"https:\\\/\\\/arabnewswire.com\\\/tr\\\/?s={search_term_string}\"},\"query-input\":{\"@type\":\"PropertyValueSpecification\",\"valueRequired\":true,\"valueName\":\"search_term_string\"}}],\"inLanguage\":\"tr\"},{\"@type\":\"Organization\",\"@id\":\"https:\\\/\\\/arabnewswire.com\\\/tr\\\/#organization\",\"name\":\"Arabnewswire\",\"url\":\"https:\\\/\\\/arabnewswire.com\\\/tr\\\/\",\"logo\":{\"@type\":\"ImageObject\",\"inLanguage\":\"tr\",\"@id\":\"https:\\\/\\\/arabnewswire.com\\\/tr\\\/#\\\/schema\\\/logo\\\/image\\\/\",\"url\":\"https:\\\/\\\/i0.wp.com\\\/arabnewswire.com\\\/wp-content\\\/uploads\\\/2020\\\/05\\\/arabnewswrie-logo.png?fit=270%2C63&ssl=1\",\"contentUrl\":\"https:\\\/\\\/i0.wp.com\\\/arabnewswire.com\\\/wp-content\\\/uploads\\\/2020\\\/05\\\/arabnewswrie-logo.png?fit=270%2C63&ssl=1\",\"width\":270,\"height\":63,\"caption\":\"Arabnewswire\"},\"image\":{\"@id\":\"https:\\\/\\\/arabnewswire.com\\\/tr\\\/#\\\/schema\\\/logo\\\/image\\\/\"}}]}<\/script>\n<!-- \/ Yoast SEO plugin. -->","yoast_head_json":{"title":"Hesab\u0131m","robots":{"index":"index","follow":"follow","max-snippet":"max-snippet:-1","max-image-preview":"max-image-preview:large","max-video-preview":"max-video-preview:-1"},"canonical":"https:\/\/arabnewswire.com\/tr\/my-account\/","og_locale":"tr_TR","og_type":"article","og_title":"Hesab\u0131m","og_url":"https:\/\/arabnewswire.com\/tr\/my-account\/","og_site_name":"Arap Haberleri","article_modified_time":"2025-08-20T17:59:39+00:00","og_image":[{"width":430,"height":237,"url":"https:\/\/i0.wp.com\/arabnewswire.com\/wp-content\/uploads\/2022\/10\/ArabNewswire-Logo-Sized-for-Web.png?fit=430%2C237&ssl=1","type":"image\/png"}],"twitter_card":"summary_large_image","twitter_misc":{"Tahmini okuma s\u00fcresi":"1 dakika"},"schema":{"@context":"https:\/\/schema.org","@graph":[{"@type":"WebPage","@id":"https:\/\/arabnewswire.com\/tr\/my-account\/","url":"https:\/\/arabnewswire.com\/tr\/my-account\/","name":"Hesab\u0131m","isPartOf":{"@id":"https:\/\/arabnewswire.com\/tr\/#website"},"datePublished":"2020-05-20T17:08:09+00:00","dateModified":"2025-08-20T17:59:39+00:00","breadcrumb":{"@id":"https:\/\/arabnewswire.com\/tr\/my-account\/#breadcrumb"},"inLanguage":"tr","potentialAction":[{"@type":"ReadAction","target":["https:\/\/arabnewswire.com\/tr\/my-account\/"]}]},{"@type":"BreadcrumbList","@id":"https:\/\/arabnewswire.com\/tr\/my-account\/#breadcrumb","itemListElement":[{"@type":"ListItem","position":1,"name":"Home","item":"https:\/\/arabnewswire.com\/tr\/"},{"@type":"ListItem","position":2,"name":"Hesab\u0131m"}]},{"@type":"WebSite","@id":"https:\/\/arabnewswire.com\/tr\/#website","url":"https:\/\/arabnewswire.com\/tr\/","name":"Arabnewswire","description":"ArabNewswre\u2122\ufe0f | Orta Do\u011fu ve Kuzey Afrika (MENA) Bas\u0131n B\u00fclteni Da\u011f\u0131t\u0131m Hizmetleri","publisher":{"@id":"https:\/\/arabnewswire.com\/tr\/#organization"},"potentialAction":[{"@type":"SearchAction","target":{"@type":"EntryPoint","urlTemplate":"https:\/\/arabnewswire.com\/tr\/?s={search_term_string}"},"query-input":{"@type":"PropertyValueSpecification","valueRequired":true,"valueName":"search_term_string"}}],"inLanguage":"tr"},{"@type":"Organization","@id":"https:\/\/arabnewswire.com\/tr\/#organization","name":"Arabnewswire","url":"https:\/\/arabnewswire.com\/tr\/","logo":{"@type":"ImageObject","inLanguage":"tr","@id":"https:\/\/arabnewswire.com\/tr\/#\/schema\/logo\/image\/","url":"https:\/\/i0.wp.com\/arabnewswire.com\/wp-content\/uploads\/2020\/05\/arabnewswrie-logo.png?fit=270%2C63&ssl=1","contentUrl":"https:\/\/i0.wp.com\/arabnewswire.com\/wp-content\/uploads\/2020\/05\/arabnewswrie-logo.png?fit=270%2C63&ssl=1","width":270,"height":63,"caption":"Arabnewswire"},"image":{"@id":"https:\/\/arabnewswire.com\/tr\/#\/schema\/logo\/image\/"}}]}},"jetpack_sharing_enabled":true,"jetpack_shortlink":"https:\/\/wp.me\/PgCGET-3GI","_links":{"self":[{"href":"https:\/\/arabnewswire.com\/tr\/wp-json\/wp\/v2\/pages\/14180","targetHints":{"allow":["GET"]}}],"collection":[{"href":"https:\/\/arabnewswire.com\/tr\/wp-json\/wp\/v2\/pages"}],"about":[{"href":"https:\/\/arabnewswire.com\/tr\/wp-json\/wp\/v2\/types\/page"}],"author":[{"embeddable":true,"href":"https:\/\/arabnewswire.com\/tr\/wp-json\/wp\/v2\/users\/265"}],"replies":[{"embeddable":true,"href":"https:\/\/arabnewswire.com\/tr\/wp-json\/wp\/v2\/comments?post=14180"}],"version-history":[{"count":0,"href":"https:\/\/arabnewswire.com\/tr\/wp-json\/wp\/v2\/pages\/14180\/revisions"}],"wp:attachment":[{"href":"https:\/\/arabnewswire.com\/tr\/wp-json\/wp\/v2\/media?parent=14180"}],"curies":[{"name":"wp","href":"https:\/\/api.w.org\/{rel}","templated":true}]}}