{"id":18047,"date":"2020-07-02T14:34:24","date_gmt":"2020-07-02T19:34:24","guid":{"rendered":"https:\/\/arabnewswire.com\/submit-press-release\/"},"modified":"2025-09-07T04:33:45","modified_gmt":"2025-09-07T09:33:45","slug":"submit-press-release-tr","status":"publish","type":"page","link":"https:\/\/arabnewswire.com\/tr\/submit-press-release-tr\/","title":{"rendered":"Bas\u0131n B\u00fclteni G\u00f6nder"},"content":{"rendered":"\t\t<div data-elementor-type=\"wp-page\" data-elementor-id=\"18047\" class=\"elementor elementor-18047 elementor-1025\" data-elementor-post-type=\"page\">\n\t\t\t\t<div class=\"elementor-element elementor-element-aafb4c6 e-flex e-con-boxed e-con e-parent\" data-id=\"aafb4c6\" data-element_type=\"container\" data-e-type=\"container\">\n\t\t\t\t\t<div class=\"e-con-inner\">\n\t\t\t\t<div class=\"elementor-element elementor-element-889bf83 elementor-widget elementor-widget-text-editor\" data-id=\"889bf83\" data-element_type=\"widget\" data-e-type=\"widget\" data-widget_type=\"text-editor.default\">\n\t\t\t\t<div class=\"elementor-widget-container\">\n\t\t\t\t\t\t\t\t\t<h2 style=\"margin-bottom: 10px;\">BAE, KSA, GCC, MENA veya Arap D\u00fcnyas\u0131&#8217;nda Bas\u0131n B\u00fclteni G\u00f6nderin<\/h2><p><strong>Bir bas\u0131n b\u00fclteni g\u00f6ndermek i\u00e7in a\u015fa\u011f\u0131daki plan\u0131 se\u00e7in ve &#8220;Plan Sat\u0131n Al &#8220;a t\u0131klay\u0131n. <\/strong><br>Herhangi bir sorunuz varsa, Telefon\/WhatsApp&#8217;\u0131 aray\u0131n: <a href=\"https:\/\/api.whatsapp.com\/send\/?phone=18327162363&amp;text&amp;app_absent=0\">+1 832-716-2363<\/a>. Telegram: <a href=\"https:\/\/t.me\/groupwebmedia\">groupwebmedia<\/a>. <\/p>\t\t\t\t\t\t\t\t<\/div>\n\t\t\t\t<\/div>\n\t\t\t\t\t<\/div>\n\t\t\t\t<\/div>\n\t\t<div class=\"elementor-element elementor-element-86c17a0 e-flex e-con-boxed e-con e-parent\" data-id=\"86c17a0\" data-element_type=\"container\" data-e-type=\"container\">\n\t\t\t\t\t<div class=\"e-con-inner\">\n\t\t<div class=\"elementor-element elementor-element-0f78341 e-con-full e-flex e-con e-child\" data-id=\"0f78341\" data-element_type=\"container\" data-e-type=\"container\">\n\t\t\t\t<div class=\"elementor-element elementor-element-13900b5 elementor-widget elementor-widget-shortcode\" data-id=\"13900b5\" data-element_type=\"widget\" data-e-type=\"widget\" id=\"package-area\" data-package-id=\"1042\" data-widget_type=\"shortcode.default\">\n\t\t\t\t<div class=\"elementor-widget-container\">\n\t\t\t\t\t\t\t<div class=\"elementor-shortcode\">    <div class=\"custom-product-box\" style=\"padding:20px; margin-bottom:30px;\">\r\n        <h3 style=\"margin-bottom:10px; text-align: center;\">PR ArabNewswire\u2122<\/h3>\r\n\r\n        <p style=\"font-size:18px; color:#82CC82; font-weight: bold; text-align: center;\">\r\n            <span class=\"woocommerce-Price-amount amount\"><bdi><span class=\"woocommerce-Price-currencySymbol\">&#36;<\/span>299.00<\/bdi><\/span>        <\/p>\r\n\t\t\r\n\t\t <div class=\"cart_btn\" style=\"color: #fff; text-align: center; margin: 10px 0;\">\r\n                            <!-- If logged out, open Elementor popup-login form -->\r\n                <a style=\"background-color:#82CC82; padding:10px; cursor:pointer; color: #fff\" \r\n                   href=\"#elementor-action%3Aaction%3Dpopup%3Aopen%26settings%3DeyJpZCI6MjE1NDcsInRvZ2dsZSI6ZmFsc2V9\" \r\n                   >\r\n                   Buy Plan & Submit PR\r\n                <\/a>\r\n            \t\t <\/div>\r\n\t\t\r\n\r\n        <div style=\"margin:15px 0;\">\r\n            <p>ArabNewswire.com'da 500 kelimelik bas\u0131n b\u00fclteni yay\u0131nlay\u0131n:<\/p>\n<ul>\n<li>Arap\u00e7a, \u0130ngilizce, Frans\u0131zca veya yukar\u0131da belirtilen dillerden herhangi birinde<\/li>\n<li>GroupWeb Media Network'\u00fcn MENA'daki 50'ye yak\u0131n haber sitesinde yer al\u0131n<\/li>\n<li>Bing, DuckDuckGo, Google, Yahoo ve Yandex taraf\u0131ndan indekslenin<\/li>\n<li>Bir g\u00f6rsel dahil; ek g\u00f6rsel veya YouTube videosu i\u00e7in 49$<\/li>\n<li>24-48 saat i\u00e7inde bir k\u0131rpma raporu al\u0131n.<\/li>\n<li><a href=\"https:\/\/drive.google.com\/file\/d\/1HWAGGEyg6hpgzB1dhnH7uPpEDwt71LUY\/view?usp=sharing\">\u0130ngilizce<\/a> ve <a href=\"https:\/\/drive.google.com\/file\/d\/1vjklJYfdBVVP-jeNFtith-HGVzYcGGMg\/view?usp=sharing\">Arap\u00e7a<\/a> \u00f6rnek kup\u00fcr raporlar\u0131na bak\u0131n<\/li>\n<li>Fiyatland\u0131rma s\u00fcr\u00fcm ba\u015f\u0131na, dil ba\u015f\u0131na yap\u0131l\u0131r. Ek dil ba\u015f\u0131na 199 $ \u00fccret al\u0131nmaktad\u0131r. <\/li>\n<\/ul>\n        <\/div>\r\n\r\n        <div class=\"cart_btn\" style=\"text-align: center;\">\r\n                            <!-- If logged out, open Elementor popup-login form -->\r\n                <a style=\"background-color:#82CC82; padding:10px; cursor:pointer; color: #fff\" \r\n                   href=\"#elementor-action%3Aaction%3Dpopup%3Aopen%26settings%3DeyJpZCI6MjE1NDcsInRvZ2dsZSI6ZmFsc2V9\" \r\n                   >\r\n                   Buy Plan & Submit PR\r\n                <\/a>\r\n                    <\/div>\r\n    <\/div>\r\n    <\/div>\n\t\t\t\t\t\t<\/div>\n\t\t\t\t<\/div>\n\t\t\t\t<\/div>\n\t\t<div class=\"elementor-element elementor-element-976c746 e-con-full e-flex e-con e-child\" data-id=\"976c746\" data-element_type=\"container\" data-e-type=\"container\">\n\t\t\t\t<div class=\"elementor-element elementor-element-b2eb797 package-area elementor-widget elementor-widget-shortcode\" data-id=\"b2eb797\" data-element_type=\"widget\" data-e-type=\"widget\" data-package-id=\"1044\" data-widget_type=\"shortcode.default\">\n\t\t\t\t<div class=\"elementor-widget-container\">\n\t\t\t\t\t\t\t<div class=\"elementor-shortcode\">    <div class=\"custom-product-box\" style=\"padding:20px; margin-bottom:30px;\">\r\n        <h3 style=\"margin-bottom:10px; text-align: center;\">PR MENA\u2122 Ulus<\/h3>\r\n\r\n        <p style=\"font-size:18px; color:#82CC82; font-weight: bold; text-align: center;\">\r\n            <span class=\"woocommerce-Price-amount amount\"><bdi><span class=\"woocommerce-Price-currencySymbol\">&#36;<\/span>599.00<\/bdi><\/span>        <\/p>\r\n\t\t\r\n\t\t <div class=\"cart_btn\" style=\"color: #fff; text-align: center; margin: 10px 0;\">\r\n                            <!-- If logged out, open Elementor popup-login form -->\r\n                <a style=\"background-color:#82CC82; padding:10px; cursor:pointer; color: #fff\" \r\n                   href=\"#elementor-action%3Aaction%3Dpopup%3Aopen%26settings%3DeyJpZCI6MjE1NDcsInRvZ2dsZSI6ZmFsc2V9\" \r\n                   >\r\n                   Buy Plan & Submit PR\r\n                <\/a>\r\n            \t\t <\/div>\r\n\t\t\r\n\r\n        <div style=\"margin:15px 0;\">\r\n            <p>Her dilde 500 kelimelik bir bas\u0131n b\u00fcltenini iki MENA \u00fclkesine da\u011f\u0131t\u0131n:<\/p>\n<ul>\n<li>100'e kadar \u00e7evrimi\u00e7i haber sitesinde yay\u0131nlan\u0131n:<br \/>\n- The Arab Herald - Arap Uluslar\u0131 i\u00e7in bir haber yay\u0131n\u0131.<br \/>\n- MENAFN - MENA b\u00f6lgesi i\u00e7in bir i\u015f ve finans haber portal\u0131.<br \/>\n- Associated Press (AP)<br \/>\n- <em>Se\u00e7ti\u011finiz iki kategoriye<\/em> dayal\u0131 haber masalar\u0131.<br \/>\n- Ek dil ba\u015f\u0131na 199 $ \u00fccret al\u0131nmaktad\u0131r.<\/li>\n<li>Bas\u0131n b\u00fclteni da\u011f\u0131t\u0131m\u0131 ve kup\u00fcr raporu i\u00e7in 48 saat bekleyin.<\/li>\n<\/ul>\n<p>\u00d6rnek k\u0131rpma raporlar\u0131na bak\u0131n:<br \/>\n<a href=\"https:\/\/drive.google.com\/file\/d\/1H_ho97pvvRKM6qJ9rjB1pqrlTVacce56\/view?usp=sharing\"><span style=\"color: #339966;\"><span style=\"color: #82cc82;\">BAE Da\u011f\u0131t\u0131m<\/span><\/span><\/a> (\u0130ngilizce ve Arap\u00e7a)<br \/>\n<span style=\"color: #82cc82;\"><a style=\"color: #82cc82;\" href=\"https:\/\/drive.google.com\/file\/d\/1PmsbdroTq1pozk1K9GcTCvYCK0146WLY\/view?usp=sharing\">KSA Da\u011f\u0131t\u0131m<\/a><\/span> (\u0130ngilizce)<\/p>\n<p>&nbsp;<\/p>\n        <\/div>\r\n\r\n        <div class=\"cart_btn\" style=\"text-align: center;\">\r\n                            <!-- If logged out, open Elementor popup-login form -->\r\n                <a style=\"background-color:#82CC82; padding:10px; cursor:pointer; color: #fff\" \r\n                   href=\"#elementor-action%3Aaction%3Dpopup%3Aopen%26settings%3DeyJpZCI6MjE1NDcsInRvZ2dsZSI6ZmFsc2V9\" \r\n                   >\r\n                   Buy Plan & Submit PR\r\n                <\/a>\r\n                    <\/div>\r\n    <\/div>\r\n    <\/div>\n\t\t\t\t\t\t<\/div>\n\t\t\t\t<\/div>\n\t\t\t\t<\/div>\n\t\t<div class=\"elementor-element elementor-element-876aef8 e-con-full e-flex e-con e-child\" data-id=\"876aef8\" data-element_type=\"container\" data-e-type=\"container\">\n\t\t\t\t<div class=\"elementor-element elementor-element-abbf085 package-area elementor-widget elementor-widget-shortcode\" data-id=\"abbf085\" data-element_type=\"widget\" data-e-type=\"widget\" data-package-id=\"1043\" data-widget_type=\"shortcode.default\">\n\t\t\t\t<div class=\"elementor-widget-container\">\n\t\t\t\t\t\t\t<div class=\"elementor-shortcode\">    <div class=\"custom-product-box\" style=\"padding:20px; margin-bottom:30px;\">\r\n        <h3 style=\"margin-bottom:10px; text-align: center;\">PR MENA Plus\u2122<\/h3>\r\n\r\n        <p style=\"font-size:18px; color:#82CC82; font-weight: bold; text-align: center;\">\r\n            <span class=\"woocommerce-Price-amount amount\"><bdi><span class=\"woocommerce-Price-currencySymbol\">&#36;<\/span>1,200.00<\/bdi><\/span>        <\/p>\r\n\t\t\r\n\t\t <div class=\"cart_btn\" style=\"color: #fff; text-align: center; margin: 10px 0;\">\r\n                            <!-- If logged out, open Elementor popup-login form -->\r\n                <a style=\"background-color:#82CC82; padding:10px; cursor:pointer; color: #fff\" \r\n                   href=\"#elementor-action%3Aaction%3Dpopup%3Aopen%26settings%3DeyJpZCI6MjE1NDcsInRvZ2dsZSI6ZmFsc2V9\" \r\n                   >\r\n                   Buy Plan & Submit PR\r\n                <\/a>\r\n            \t\t <\/div>\r\n\t\t\r\n\r\n        <div style=\"margin:15px 0;\">\r\n            <p>PR MENA\u2122'n\u0131n avantajlar\u0131ndan yararlan\u0131n ve ula\u015f\u0131n:<\/p>\n<ul>\n<li>Orta Do\u011fu, Kuzey Afrika ve Arap D\u00fcnyas\u0131'nda 5.000'e kadar gazeteci, uzman, analist, muhabir, blog yazar\u0131,<br \/>\ninfluencer<\/li>\n<li>haber telgraflar\u0131, haber terminalleri, haber ajanslar\u0131 ve sendikasyon hizmetleri.<\/li>\n<li>200'den fazla haber portal\u0131nda \u0130ngilizce veya Arap\u00e7a olarak yay\u0131nlan\u0131n<\/li>\n<li>K\u0131rpma raporu i\u00e7in 3 i\u015f g\u00fcn\u00fcne kadar s\u00fcre tan\u0131y\u0131n.<\/li>\n<li>\u00d6rnek kup\u00fcr raporlar\u0131na bak\u0131n\u0131z:<br \/>\n<a href=\"https:\/\/drive.google.com\/file\/d\/1olETpzXZa84YwG0yFyJcn9jIr5R1tMpT\/view?usp=sharing\">Arap\u00e7a<\/a> Da\u011f\u0131t\u0131m<br \/>\n<a href=\"https:\/\/drive.google.com\/file\/d\/1Oxyf1hVvUBevMCJ-M5WK8fUCN96IskN2\/view?usp=sharing\">\u0130ngilizce<\/a> Da\u011f\u0131t\u0131m<\/li>\n<\/ul>\n        <\/div>\r\n\r\n        <div class=\"cart_btn\" style=\"text-align: center;\">\r\n                            <!-- If logged out, open Elementor popup-login form -->\r\n                <a style=\"background-color:#82CC82; padding:10px; cursor:pointer; color: #fff\" \r\n                   href=\"#elementor-action%3Aaction%3Dpopup%3Aopen%26settings%3DeyJpZCI6MjE1NDcsInRvZ2dsZSI6ZmFsc2V9\" \r\n                   >\r\n                   Buy Plan & Submit PR\r\n                <\/a>\r\n                    <\/div>\r\n    <\/div>\r\n    <\/div>\n\t\t\t\t\t\t<\/div>\n\t\t\t\t<\/div>\n\t\t\t\t<\/div>\n\t\t\t\t\t<\/div>\n\t\t\t\t<\/div>\n\t\t<div class=\"elementor-element elementor-element-026cf0c e-flex e-con-boxed e-con e-parent\" data-id=\"026cf0c\" data-element_type=\"container\" data-e-type=\"container\">\n\t\t\t\t\t<div class=\"e-con-inner\">\n\t\t\t\t<div class=\"elementor-element elementor-element-dd8eaf5 elementor-widget elementor-widget-text-editor\" data-id=\"dd8eaf5\" data-element_type=\"widget\" data-e-type=\"widget\" data-widget_type=\"text-editor.default\">\n\t\t\t\t<div class=\"elementor-widget-container\">\n\t\t\t\t\t\t\t\t\t<p>** <strong>Sendikasyon yoluyla bas\u0131n b\u00fclteni da\u011f\u0131t\u0131m\u0131<\/strong>: Plana ba\u011fl\u0131 olarak, bas\u0131n b\u00fclteniniz ANI, SyndiGate ve Orta Do\u011fu&#8217;daki di\u011fer b\u00fcy\u00fck sendikasyon hizmetleri arac\u0131l\u0131\u011f\u0131yla sendikasyona g\u00f6nderilir. Bas\u0131n b\u00fclteniniz daha sonra Google News, MSN, haber veritabanlar\u0131 ve profesyonel haber platformlar\u0131 gibi \u00f6nde gelen k\u00fcresel toplay\u0131c\u0131lar\u0131n yan\u0131 s\u0131ra GCC, MENA ve Arap D\u00fcnyas\u0131&#8217;ndaki y\u00fczlerce yay\u0131nc\u0131ya da\u011f\u0131t\u0131l\u0131r.   <\/p>\t\t\t\t\t\t\t\t<\/div>\n\t\t\t\t<\/div>\n\t\t\t\t<div class=\"elementor-element elementor-element-9ab2fd4 elementor-hidden-desktop elementor-hidden-tablet elementor-hidden-mobile elementor-widget elementor-widget-button\" data-id=\"9ab2fd4\" data-element_type=\"widget\" data-e-type=\"widget\" data-widget_type=\"button.default\">\n\t\t\t\t<div class=\"elementor-widget-container\">\n\t\t\t\t\t\t\t\t\t<div class=\"elementor-button-wrapper\">\n\t\t\t\t\t<a class=\"elementor-button elementor-button-link elementor-size-sm\" href=\"#elementor-action%3Aaction%3Dpopup%3Aopen%26settings%3DeyJpZCI6MjE1NDcsInRvZ2dsZSI6ZmFsc2V9\">\n\t\t\t\t\t\t<span class=\"elementor-button-content-wrapper\">\n\t\t\t\t\t\t\t\t\t<span class=\"elementor-button-text\">Buraya t\u0131klay\u0131n<\/span>\n\t\t\t\t\t<\/span>\n\t\t\t\t\t<\/a>\n\t\t\t\t<\/div>\n\t\t\t\t\t\t\t\t<\/div>\n\t\t\t\t<\/div>\n\t\t\t\t\t<\/div>\n\t\t\t\t<\/div>\n\t\t\t\t<\/div>\n\t\t","protected":false},"excerpt":{"rendered":"<p>BAE, KSA, GCC, MENA veya Arap D\u00fcnyas\u0131&#8217;nda Bas\u0131n B\u00fclteni G\u00f6nderin Bir bas\u0131n b\u00fclteni g\u00f6ndermek i\u00e7in a\u015fa\u011f\u0131daki plan\u0131 se\u00e7in ve &#8220;Plan Sat\u0131n Al &#8220;a t\u0131klay\u0131n. Herhangi bir sorunuz varsa, Telefon\/WhatsApp&#8217;\u0131 aray\u0131n: +1 832-716-2363. Telegram: groupwebmedia. ** Sendikasyon yoluyla bas\u0131n b\u00fclteni da\u011f\u0131t\u0131m\u0131: Plana ba\u011fl\u0131 olarak, bas\u0131n b\u00fclteniniz ANI, SyndiGate ve Orta Do\u011fu&#8217;daki di\u011fer b\u00fcy\u00fck sendikasyon hizmetleri arac\u0131l\u0131\u011f\u0131yla [&hellip;]<\/p>\n","protected":false},"author":1,"featured_media":0,"parent":0,"menu_order":0,"comment_status":"closed","ping_status":"closed","template":"","meta":{"footnotes":""},"class_list":["post-18047","page","type-page","status-publish"],"yoast_head":"<!-- This site is optimized with the Yoast SEO plugin v27.5 - https:\/\/yoast.com\/product\/yoast-seo-wordpress\/ -->\n<title>Orta Do\u011fu ve Kuzey Afrika (MENA) b\u00f6lgelerindeki medyaya bas\u0131n b\u00fclteni da\u011f\u0131t\u0131m\u0131<\/title>\n<meta name=\"description\" content=\"Orta Do\u011fu ve Kuzey Afrika (MENA) Bas\u0131n B\u00fclteni Da\u011f\u0131t\u0131m Hizmetleri\" \/>\n<meta name=\"robots\" content=\"index, follow, max-snippet:-1, max-image-preview:large, max-video-preview:-1\" \/>\n<link rel=\"canonical\" href=\"https:\/\/arabnewswire.com\/tr\/submit-press-release-tr\/\" \/>\n<meta property=\"og:locale\" content=\"tr_TR\" \/>\n<meta property=\"og:type\" content=\"article\" \/>\n<meta property=\"og:title\" content=\"Orta Do\u011fu ve Kuzey Afrika (MENA) b\u00f6lgelerindeki medyaya bas\u0131n b\u00fclteni da\u011f\u0131t\u0131m\u0131\" \/>\n<meta property=\"og:description\" content=\"Orta Do\u011fu ve Kuzey Afrika (MENA) Bas\u0131n B\u00fclteni Da\u011f\u0131t\u0131m Hizmetleri\" \/>\n<meta property=\"og:url\" content=\"https:\/\/arabnewswire.com\/tr\/submit-press-release-tr\/\" \/>\n<meta property=\"og:site_name\" content=\"Arap Haberleri\" \/>\n<meta property=\"article:modified_time\" content=\"2025-09-07T09:33:45+00:00\" \/>\n<meta property=\"og:image\" content=\"https:\/\/i0.wp.com\/arabnewswire.com\/wp-content\/uploads\/2022\/10\/ArabNewswire-Logo-Sized-for-Web.png?fit=430%2C237&ssl=1\" \/>\n\t<meta property=\"og:image:width\" content=\"430\" \/>\n\t<meta property=\"og:image:height\" content=\"237\" \/>\n\t<meta property=\"og:image:type\" content=\"image\/png\" \/>\n<meta name=\"twitter:card\" content=\"summary_large_image\" \/>\n<meta name=\"twitter:label1\" content=\"Tahmini okuma s\u00fcresi\" \/>\n\t<meta name=\"twitter:data1\" content=\"1 dakika\" \/>\n<script type=\"application\/ld+json\" class=\"yoast-schema-graph\">{\"@context\":\"https:\\\/\\\/schema.org\",\"@graph\":[{\"@type\":\"WebPage\",\"@id\":\"https:\\\/\\\/arabnewswire.com\\\/tr\\\/submit-press-release-tr\\\/\",\"url\":\"https:\\\/\\\/arabnewswire.com\\\/tr\\\/submit-press-release-tr\\\/\",\"name\":\"Orta Do\u011fu ve Kuzey Afrika (MENA) b\u00f6lgelerindeki medyaya bas\u0131n b\u00fclteni da\u011f\u0131t\u0131m\u0131\",\"isPartOf\":{\"@id\":\"https:\\\/\\\/arabnewswire.com\\\/tr\\\/#website\"},\"datePublished\":\"2020-07-02T19:34:24+00:00\",\"dateModified\":\"2025-09-07T09:33:45+00:00\",\"description\":\"Orta Do\u011fu ve Kuzey Afrika (MENA) Bas\u0131n B\u00fclteni Da\u011f\u0131t\u0131m Hizmetleri\",\"breadcrumb\":{\"@id\":\"https:\\\/\\\/arabnewswire.com\\\/tr\\\/submit-press-release-tr\\\/#breadcrumb\"},\"inLanguage\":\"tr\",\"potentialAction\":[{\"@type\":\"ReadAction\",\"target\":[\"https:\\\/\\\/arabnewswire.com\\\/tr\\\/submit-press-release-tr\\\/\"]}]},{\"@type\":\"BreadcrumbList\",\"@id\":\"https:\\\/\\\/arabnewswire.com\\\/tr\\\/submit-press-release-tr\\\/#breadcrumb\",\"itemListElement\":[{\"@type\":\"ListItem\",\"position\":1,\"name\":\"Home\",\"item\":\"https:\\\/\\\/arabnewswire.com\\\/tr\\\/\"},{\"@type\":\"ListItem\",\"position\":2,\"name\":\"Bas\u0131n B\u00fclteni G\u00f6nder\"}]},{\"@type\":\"WebSite\",\"@id\":\"https:\\\/\\\/arabnewswire.com\\\/tr\\\/#website\",\"url\":\"https:\\\/\\\/arabnewswire.com\\\/tr\\\/\",\"name\":\"Arabnewswire\",\"description\":\"ArabNewswre\u2122\ufe0f | Orta Do\u011fu ve Kuzey Afrika (MENA) Bas\u0131n B\u00fclteni Da\u011f\u0131t\u0131m Hizmetleri\",\"publisher\":{\"@id\":\"https:\\\/\\\/arabnewswire.com\\\/tr\\\/#organization\"},\"potentialAction\":[{\"@type\":\"SearchAction\",\"target\":{\"@type\":\"EntryPoint\",\"urlTemplate\":\"https:\\\/\\\/arabnewswire.com\\\/tr\\\/?s={search_term_string}\"},\"query-input\":{\"@type\":\"PropertyValueSpecification\",\"valueRequired\":true,\"valueName\":\"search_term_string\"}}],\"inLanguage\":\"tr\"},{\"@type\":\"Organization\",\"@id\":\"https:\\\/\\\/arabnewswire.com\\\/tr\\\/#organization\",\"name\":\"Arabnewswire\",\"url\":\"https:\\\/\\\/arabnewswire.com\\\/tr\\\/\",\"logo\":{\"@type\":\"ImageObject\",\"inLanguage\":\"tr\",\"@id\":\"https:\\\/\\\/arabnewswire.com\\\/tr\\\/#\\\/schema\\\/logo\\\/image\\\/\",\"url\":\"https:\\\/\\\/i0.wp.com\\\/arabnewswire.com\\\/wp-content\\\/uploads\\\/2020\\\/05\\\/arabnewswrie-logo.png?fit=270%2C63&ssl=1\",\"contentUrl\":\"https:\\\/\\\/i0.wp.com\\\/arabnewswire.com\\\/wp-content\\\/uploads\\\/2020\\\/05\\\/arabnewswrie-logo.png?fit=270%2C63&ssl=1\",\"width\":270,\"height\":63,\"caption\":\"Arabnewswire\"},\"image\":{\"@id\":\"https:\\\/\\\/arabnewswire.com\\\/tr\\\/#\\\/schema\\\/logo\\\/image\\\/\"}}]}<\/script>\n<!-- \/ Yoast SEO plugin. -->","yoast_head_json":{"title":"Orta Do\u011fu ve Kuzey Afrika (MENA) b\u00f6lgelerindeki medyaya bas\u0131n b\u00fclteni da\u011f\u0131t\u0131m\u0131","description":"Orta Do\u011fu ve Kuzey Afrika (MENA) Bas\u0131n B\u00fclteni Da\u011f\u0131t\u0131m Hizmetleri","robots":{"index":"index","follow":"follow","max-snippet":"max-snippet:-1","max-image-preview":"max-image-preview:large","max-video-preview":"max-video-preview:-1"},"canonical":"https:\/\/arabnewswire.com\/tr\/submit-press-release-tr\/","og_locale":"tr_TR","og_type":"article","og_title":"Orta Do\u011fu ve Kuzey Afrika (MENA) b\u00f6lgelerindeki medyaya bas\u0131n b\u00fclteni da\u011f\u0131t\u0131m\u0131","og_description":"Orta Do\u011fu ve Kuzey Afrika (MENA) Bas\u0131n B\u00fclteni Da\u011f\u0131t\u0131m Hizmetleri","og_url":"https:\/\/arabnewswire.com\/tr\/submit-press-release-tr\/","og_site_name":"Arap Haberleri","article_modified_time":"2025-09-07T09:33:45+00:00","og_image":[{"width":430,"height":237,"url":"https:\/\/i0.wp.com\/arabnewswire.com\/wp-content\/uploads\/2022\/10\/ArabNewswire-Logo-Sized-for-Web.png?fit=430%2C237&ssl=1","type":"image\/png"}],"twitter_card":"summary_large_image","twitter_misc":{"Tahmini okuma s\u00fcresi":"1 dakika"},"schema":{"@context":"https:\/\/schema.org","@graph":[{"@type":"WebPage","@id":"https:\/\/arabnewswire.com\/tr\/submit-press-release-tr\/","url":"https:\/\/arabnewswire.com\/tr\/submit-press-release-tr\/","name":"Orta Do\u011fu ve Kuzey Afrika (MENA) b\u00f6lgelerindeki medyaya bas\u0131n b\u00fclteni da\u011f\u0131t\u0131m\u0131","isPartOf":{"@id":"https:\/\/arabnewswire.com\/tr\/#website"},"datePublished":"2020-07-02T19:34:24+00:00","dateModified":"2025-09-07T09:33:45+00:00","description":"Orta Do\u011fu ve Kuzey Afrika (MENA) Bas\u0131n B\u00fclteni Da\u011f\u0131t\u0131m Hizmetleri","breadcrumb":{"@id":"https:\/\/arabnewswire.com\/tr\/submit-press-release-tr\/#breadcrumb"},"inLanguage":"tr","potentialAction":[{"@type":"ReadAction","target":["https:\/\/arabnewswire.com\/tr\/submit-press-release-tr\/"]}]},{"@type":"BreadcrumbList","@id":"https:\/\/arabnewswire.com\/tr\/submit-press-release-tr\/#breadcrumb","itemListElement":[{"@type":"ListItem","position":1,"name":"Home","item":"https:\/\/arabnewswire.com\/tr\/"},{"@type":"ListItem","position":2,"name":"Bas\u0131n B\u00fclteni G\u00f6nder"}]},{"@type":"WebSite","@id":"https:\/\/arabnewswire.com\/tr\/#website","url":"https:\/\/arabnewswire.com\/tr\/","name":"Arabnewswire","description":"ArabNewswre\u2122\ufe0f | Orta Do\u011fu ve Kuzey Afrika (MENA) Bas\u0131n B\u00fclteni Da\u011f\u0131t\u0131m Hizmetleri","publisher":{"@id":"https:\/\/arabnewswire.com\/tr\/#organization"},"potentialAction":[{"@type":"SearchAction","target":{"@type":"EntryPoint","urlTemplate":"https:\/\/arabnewswire.com\/tr\/?s={search_term_string}"},"query-input":{"@type":"PropertyValueSpecification","valueRequired":true,"valueName":"search_term_string"}}],"inLanguage":"tr"},{"@type":"Organization","@id":"https:\/\/arabnewswire.com\/tr\/#organization","name":"Arabnewswire","url":"https:\/\/arabnewswire.com\/tr\/","logo":{"@type":"ImageObject","inLanguage":"tr","@id":"https:\/\/arabnewswire.com\/tr\/#\/schema\/logo\/image\/","url":"https:\/\/i0.wp.com\/arabnewswire.com\/wp-content\/uploads\/2020\/05\/arabnewswrie-logo.png?fit=270%2C63&ssl=1","contentUrl":"https:\/\/i0.wp.com\/arabnewswire.com\/wp-content\/uploads\/2020\/05\/arabnewswrie-logo.png?fit=270%2C63&ssl=1","width":270,"height":63,"caption":"Arabnewswire"},"image":{"@id":"https:\/\/arabnewswire.com\/tr\/#\/schema\/logo\/image\/"}}]}},"jetpack_sharing_enabled":true,"jetpack_shortlink":"https:\/\/wp.me\/PgCGET-4H5","_links":{"self":[{"href":"https:\/\/arabnewswire.com\/tr\/wp-json\/wp\/v2\/pages\/18047","targetHints":{"allow":["GET"]}}],"collection":[{"href":"https:\/\/arabnewswire.com\/tr\/wp-json\/wp\/v2\/pages"}],"about":[{"href":"https:\/\/arabnewswire.com\/tr\/wp-json\/wp\/v2\/types\/page"}],"author":[{"embeddable":true,"href":"https:\/\/arabnewswire.com\/tr\/wp-json\/wp\/v2\/users\/1"}],"replies":[{"embeddable":true,"href":"https:\/\/arabnewswire.com\/tr\/wp-json\/wp\/v2\/comments?post=18047"}],"version-history":[{"count":0,"href":"https:\/\/arabnewswire.com\/tr\/wp-json\/wp\/v2\/pages\/18047\/revisions"}],"wp:attachment":[{"href":"https:\/\/arabnewswire.com\/tr\/wp-json\/wp\/v2\/media?parent=18047"}],"curies":[{"name":"wp","href":"https:\/\/api.w.org\/{rel}","templated":true}]}}