{"id":22701,"date":"2025-07-26T12:27:32","date_gmt":"2025-07-26T17:27:32","guid":{"rendered":"https:\/\/arabnewswire.com\/kayit-olun\/"},"modified":"2025-09-11T06:36:36","modified_gmt":"2025-09-11T11:36:36","slug":"kayit-olun","status":"publish","type":"page","link":"https:\/\/arabnewswire.com\/tr\/kayit-olun\/","title":{"rendered":"Kay\u0131t Olun"},"content":{"rendered":"\t\t<div data-elementor-type=\"wp-page\" data-elementor-id=\"22701\" class=\"elementor elementor-22701 elementor-21250\" data-elementor-post-type=\"page\">\n\t\t\t\t<div class=\"elementor-element elementor-element-e865387 e-flex e-con-boxed e-con e-parent\" data-id=\"e865387\" data-element_type=\"container\" data-e-type=\"container\">\n\t\t\t\t\t<div class=\"e-con-inner\">\n\t\t\t\t<div class=\"elementor-element elementor-element-86dd1e6 is-label-none is-input-bg elementor-widget elementor-widget-foxiz-register-form\" data-id=\"86dd1e6\" data-element_type=\"widget\" data-e-type=\"widget\" data-widget_type=\"foxiz-register-form.default\">\n\t\t\t\t<div class=\"elementor-widget-container\">\n\t\t\t\t\t<style>\n.login.rb-login-screen h1 a { height: 60px; width: 100%; max-width: 300px; background-size: contain; background-image: url(https:\/\/arabnewswire.com\/wp-content\/uploads\/2025\/06\/Arab-Asia-Logo14111-300x127-1.png); }body.login:not(.interim-login) { background-repeat : no-repeat;background-size : cover;background-image : url(https:\/\/arabnewswire.com\/wp-content\/uploads\/2025\/06\/Saudi-Arabia-scaled.jpg);background-attachment : fixed;background-position : center center;}\n<\/style>\n\t\t<div class=\"user-login-form is-register\">\r\n\t\t\t\t\t\t\t\t\t\t\t\t<div class=\"login-form-header rb-text\">\r\n\t\t\t\t\t\t<h1>\u00dcye olmak<\/h1>\t\t\t\t\t<\/div>\r\n\t\t\t\t\t\t\t\t\t<form name=\"registerform\" action=\"\" method=\"post\">\r\n\t\t\t\t\t<div>\r\n\t\t\t\t\t\t<div class=\"rb-login-label\">Kullan\u0131c\u0131 ad\u0131<\/div>\r\n\t\t\t\t\t\t<input type=\"text\" name=\"user_login\" class=\"input\" value=\"\" required=\"required\" autocapitalize=\"off\" autocomplete=\"username\" \/>\r\n\t\t\t\t\t\t\t\t\t\t\t\t\t<div class=\"username-desc is-meta\">Kullan\u0131c\u0131 adlar\u0131 en az 3 karakter uzunlu\u011funda olmal\u0131 ve k\u00fc\u00e7\u00fck harfler (a-z), say\u0131lar (0-9), alt \u00e7izgiler (_) ve noktalar (.) i\u00e7ermelidir.<\/div>\r\n\t\t\t\t\t\t\t\t\t\t\t<\/div>\r\n\t\t\t\t\t<div>\r\n\t\t\t\t\t\t<div class=\"rb-login-label\">E-posta<\/div>\r\n\t\t\t\t\t\t<input type=\"email\" name=\"user_email\" class=\"input\" value=\"\" required=\"required\" autocomplete=\"email\" \/>\r\n\t\t\t\t\t<\/div>\r\n\t\t\t\t\t<div class=\"g-recaptcha\" style=\"transform: scale(0.9); -webkit-transform: scale(0.9); transform-origin: 0 0; -webkit-transform-origin: 0 0;\" data-sitekey=\"6LfdFfErAAAAANkjvMrynXl48OnwZ04fOuk1uKtw\"><\/div><script>\r\n                    function wpcaptcha_captcha_refresh() {\r\n                        grecaptcha.reset();\r\n                    }\r\n\r\n                    jQuery(document.body).on(\"checkout_error\", function(){\r\n                        setTimeout(wpcaptcha_captcha_refresh, 50);\r\n                    });\r\n\r\n                    jQuery(document.body).on(\"updated_checkout\", function(){\r\n                        setTimeout(wpcaptcha_captcha_refresh, 50);\r\n                    });\r\n                <\/script>\t\t\t\t\t<div class=\"reg-passmail\">\r\n\t\t\t\t\t\t<i class=\"rbi rbi-shield\"><\/i>Kay\u0131t onay\u0131 size e-postayla g\u00f6nderilecektir<\/div>\r\n\t\t\t\t\t<input type=\"hidden\" name=\"redirect_to\" value=\"https:\/\/arabnewswire.com\/tr\/wp-json\/wp\/v2\/pages\/22701\/\" \/>\r\n\t\t\t\t\t<div class=\"submit\">\r\n\t\t\t\t\t\t<input type=\"submit\" name=\"wp-submit\" id=\"wp-submit\" class=\"button button-primary button-large\" value=\"Kaydolun\" \/>\r\n\t\t\t\t\t<\/div>\r\n\t\t\t\t<\/form>\r\n\t\t\t\t\t\t<div class=\"login-form-footer\">\r\n\t\t\t\t\u00dcye misiniz? <a href=\"https:\/\/arabnewswire.com\/tr\/login-tr\/\">Giri\u015f<\/a>\t\t\t<\/div>\r\n\t\t<\/div>\r\n\t\t\t\t\t\t<\/div>\n\t\t\t\t<\/div>\n\t\t\t\t\t<\/div>\n\t\t\t\t<\/div>\n\t\t\t\t<\/div>\n\t\t","protected":false},"excerpt":{"rendered":"<p>Hi,Abdul Kader administrator Sign Out<\/p>\n","protected":false},"author":265,"featured_media":0,"parent":0,"menu_order":0,"comment_status":"closed","ping_status":"closed","template":"","meta":{"footnotes":""},"class_list":["post-22701","page","type-page","status-publish"],"yoast_head":"<!-- This site is optimized with the Yoast SEO plugin v27.4 - https:\/\/yoast.com\/product\/yoast-seo-wordpress\/ -->\n<title>Kay\u0131t Olun<\/title>\n<meta name=\"robots\" content=\"index, follow, max-snippet:-1, max-image-preview:large, max-video-preview:-1\" \/>\n<link rel=\"canonical\" href=\"https:\/\/arabnewswire.com\/tr\/kayit-olun\/\" \/>\n<meta property=\"og:locale\" content=\"tr_TR\" \/>\n<meta property=\"og:type\" content=\"article\" \/>\n<meta property=\"og:title\" content=\"Kay\u0131t Olun\" \/>\n<meta property=\"og:description\" content=\"Hi,Abdul Kader administrator Sign Out\" \/>\n<meta property=\"og:url\" content=\"https:\/\/arabnewswire.com\/tr\/kayit-olun\/\" \/>\n<meta property=\"og:site_name\" content=\"Arap Haberleri\" \/>\n<meta property=\"article:modified_time\" content=\"2025-09-11T11:36:36+00:00\" \/>\n<meta property=\"og:image\" content=\"https:\/\/secure.gravatar.com\/avatar\/0c176e0b2618a64457ac079473ac19f8e2bdd5461a6f4ac50032908c526d0460?s=60&#038;d=mm&#038;r=g\" \/>\n<meta name=\"twitter:card\" content=\"summary_large_image\" \/>\n<meta name=\"twitter:label1\" content=\"Tahmini okuma s\u00fcresi\" \/>\n\t<meta name=\"twitter:data1\" content=\"1 dakika\" \/>\n<script type=\"application\/ld+json\" class=\"yoast-schema-graph\">{\"@context\":\"https:\\\/\\\/schema.org\",\"@graph\":[{\"@type\":\"WebPage\",\"@id\":\"https:\\\/\\\/arabnewswire.com\\\/tr\\\/kayit-olun\\\/\",\"url\":\"https:\\\/\\\/arabnewswire.com\\\/tr\\\/kayit-olun\\\/\",\"name\":\"Kay\u0131t Olun\",\"isPartOf\":{\"@id\":\"https:\\\/\\\/arabnewswire.com\\\/tr\\\/#website\"},\"primaryImageOfPage\":{\"@id\":\"https:\\\/\\\/arabnewswire.com\\\/tr\\\/kayit-olun\\\/#primaryimage\"},\"image\":{\"@id\":\"https:\\\/\\\/arabnewswire.com\\\/tr\\\/kayit-olun\\\/#primaryimage\"},\"thumbnailUrl\":\"https:\\\/\\\/secure.gravatar.com\\\/avatar\\\/0c176e0b2618a64457ac079473ac19f8e2bdd5461a6f4ac50032908c526d0460?s=60&#038;d=mm&#038;r=g\",\"datePublished\":\"2025-07-26T17:27:32+00:00\",\"dateModified\":\"2025-09-11T11:36:36+00:00\",\"breadcrumb\":{\"@id\":\"https:\\\/\\\/arabnewswire.com\\\/tr\\\/kayit-olun\\\/#breadcrumb\"},\"inLanguage\":\"tr\",\"potentialAction\":[{\"@type\":\"ReadAction\",\"target\":[\"https:\\\/\\\/arabnewswire.com\\\/tr\\\/kayit-olun\\\/\"]}]},{\"@type\":\"ImageObject\",\"inLanguage\":\"tr\",\"@id\":\"https:\\\/\\\/arabnewswire.com\\\/tr\\\/kayit-olun\\\/#primaryimage\",\"url\":\"https:\\\/\\\/secure.gravatar.com\\\/avatar\\\/0c176e0b2618a64457ac079473ac19f8e2bdd5461a6f4ac50032908c526d0460?s=60&#038;d=mm&#038;r=g\",\"contentUrl\":\"https:\\\/\\\/secure.gravatar.com\\\/avatar\\\/0c176e0b2618a64457ac079473ac19f8e2bdd5461a6f4ac50032908c526d0460?s=60&#038;d=mm&#038;r=g\"},{\"@type\":\"BreadcrumbList\",\"@id\":\"https:\\\/\\\/arabnewswire.com\\\/tr\\\/kayit-olun\\\/#breadcrumb\",\"itemListElement\":[{\"@type\":\"ListItem\",\"position\":1,\"name\":\"Home\",\"item\":\"https:\\\/\\\/arabnewswire.com\\\/tr\\\/\"},{\"@type\":\"ListItem\",\"position\":2,\"name\":\"Kay\u0131t Olun\"}]},{\"@type\":\"WebSite\",\"@id\":\"https:\\\/\\\/arabnewswire.com\\\/tr\\\/#website\",\"url\":\"https:\\\/\\\/arabnewswire.com\\\/tr\\\/\",\"name\":\"Arabnewswire\",\"description\":\"ArabNewswre\u2122\ufe0f | Orta Do\u011fu ve Kuzey Afrika (MENA) Bas\u0131n B\u00fclteni Da\u011f\u0131t\u0131m Hizmetleri\",\"publisher\":{\"@id\":\"https:\\\/\\\/arabnewswire.com\\\/tr\\\/#organization\"},\"potentialAction\":[{\"@type\":\"SearchAction\",\"target\":{\"@type\":\"EntryPoint\",\"urlTemplate\":\"https:\\\/\\\/arabnewswire.com\\\/tr\\\/?s={search_term_string}\"},\"query-input\":{\"@type\":\"PropertyValueSpecification\",\"valueRequired\":true,\"valueName\":\"search_term_string\"}}],\"inLanguage\":\"tr\"},{\"@type\":\"Organization\",\"@id\":\"https:\\\/\\\/arabnewswire.com\\\/tr\\\/#organization\",\"name\":\"Arabnewswire\",\"url\":\"https:\\\/\\\/arabnewswire.com\\\/tr\\\/\",\"logo\":{\"@type\":\"ImageObject\",\"inLanguage\":\"tr\",\"@id\":\"https:\\\/\\\/arabnewswire.com\\\/tr\\\/#\\\/schema\\\/logo\\\/image\\\/\",\"url\":\"https:\\\/\\\/i0.wp.com\\\/arabnewswire.com\\\/wp-content\\\/uploads\\\/2020\\\/05\\\/arabnewswrie-logo.png?fit=270%2C63&ssl=1\",\"contentUrl\":\"https:\\\/\\\/i0.wp.com\\\/arabnewswire.com\\\/wp-content\\\/uploads\\\/2020\\\/05\\\/arabnewswrie-logo.png?fit=270%2C63&ssl=1\",\"width\":270,\"height\":63,\"caption\":\"Arabnewswire\"},\"image\":{\"@id\":\"https:\\\/\\\/arabnewswire.com\\\/tr\\\/#\\\/schema\\\/logo\\\/image\\\/\"}}]}<\/script>\n<!-- \/ Yoast SEO plugin. -->","yoast_head_json":{"title":"Kay\u0131t Olun","robots":{"index":"index","follow":"follow","max-snippet":"max-snippet:-1","max-image-preview":"max-image-preview:large","max-video-preview":"max-video-preview:-1"},"canonical":"https:\/\/arabnewswire.com\/tr\/kayit-olun\/","og_locale":"tr_TR","og_type":"article","og_title":"Kay\u0131t Olun","og_description":"Hi,Abdul Kader administrator Sign Out","og_url":"https:\/\/arabnewswire.com\/tr\/kayit-olun\/","og_site_name":"Arap Haberleri","article_modified_time":"2025-09-11T11:36:36+00:00","og_image":[{"url":"https:\/\/secure.gravatar.com\/avatar\/0c176e0b2618a64457ac079473ac19f8e2bdd5461a6f4ac50032908c526d0460?s=60&#038;d=mm&#038;r=g","type":"","width":"","height":""}],"twitter_card":"summary_large_image","twitter_misc":{"Tahmini okuma s\u00fcresi":"1 dakika"},"schema":{"@context":"https:\/\/schema.org","@graph":[{"@type":"WebPage","@id":"https:\/\/arabnewswire.com\/tr\/kayit-olun\/","url":"https:\/\/arabnewswire.com\/tr\/kayit-olun\/","name":"Kay\u0131t Olun","isPartOf":{"@id":"https:\/\/arabnewswire.com\/tr\/#website"},"primaryImageOfPage":{"@id":"https:\/\/arabnewswire.com\/tr\/kayit-olun\/#primaryimage"},"image":{"@id":"https:\/\/arabnewswire.com\/tr\/kayit-olun\/#primaryimage"},"thumbnailUrl":"https:\/\/secure.gravatar.com\/avatar\/0c176e0b2618a64457ac079473ac19f8e2bdd5461a6f4ac50032908c526d0460?s=60&#038;d=mm&#038;r=g","datePublished":"2025-07-26T17:27:32+00:00","dateModified":"2025-09-11T11:36:36+00:00","breadcrumb":{"@id":"https:\/\/arabnewswire.com\/tr\/kayit-olun\/#breadcrumb"},"inLanguage":"tr","potentialAction":[{"@type":"ReadAction","target":["https:\/\/arabnewswire.com\/tr\/kayit-olun\/"]}]},{"@type":"ImageObject","inLanguage":"tr","@id":"https:\/\/arabnewswire.com\/tr\/kayit-olun\/#primaryimage","url":"https:\/\/secure.gravatar.com\/avatar\/0c176e0b2618a64457ac079473ac19f8e2bdd5461a6f4ac50032908c526d0460?s=60&#038;d=mm&#038;r=g","contentUrl":"https:\/\/secure.gravatar.com\/avatar\/0c176e0b2618a64457ac079473ac19f8e2bdd5461a6f4ac50032908c526d0460?s=60&#038;d=mm&#038;r=g"},{"@type":"BreadcrumbList","@id":"https:\/\/arabnewswire.com\/tr\/kayit-olun\/#breadcrumb","itemListElement":[{"@type":"ListItem","position":1,"name":"Home","item":"https:\/\/arabnewswire.com\/tr\/"},{"@type":"ListItem","position":2,"name":"Kay\u0131t Olun"}]},{"@type":"WebSite","@id":"https:\/\/arabnewswire.com\/tr\/#website","url":"https:\/\/arabnewswire.com\/tr\/","name":"Arabnewswire","description":"ArabNewswre\u2122\ufe0f | Orta Do\u011fu ve Kuzey Afrika (MENA) Bas\u0131n B\u00fclteni Da\u011f\u0131t\u0131m Hizmetleri","publisher":{"@id":"https:\/\/arabnewswire.com\/tr\/#organization"},"potentialAction":[{"@type":"SearchAction","target":{"@type":"EntryPoint","urlTemplate":"https:\/\/arabnewswire.com\/tr\/?s={search_term_string}"},"query-input":{"@type":"PropertyValueSpecification","valueRequired":true,"valueName":"search_term_string"}}],"inLanguage":"tr"},{"@type":"Organization","@id":"https:\/\/arabnewswire.com\/tr\/#organization","name":"Arabnewswire","url":"https:\/\/arabnewswire.com\/tr\/","logo":{"@type":"ImageObject","inLanguage":"tr","@id":"https:\/\/arabnewswire.com\/tr\/#\/schema\/logo\/image\/","url":"https:\/\/i0.wp.com\/arabnewswire.com\/wp-content\/uploads\/2020\/05\/arabnewswrie-logo.png?fit=270%2C63&ssl=1","contentUrl":"https:\/\/i0.wp.com\/arabnewswire.com\/wp-content\/uploads\/2020\/05\/arabnewswrie-logo.png?fit=270%2C63&ssl=1","width":270,"height":63,"caption":"Arabnewswire"},"image":{"@id":"https:\/\/arabnewswire.com\/tr\/#\/schema\/logo\/image\/"}}]}},"jetpack_sharing_enabled":true,"jetpack_shortlink":"https:\/\/wp.me\/PgCGET-5U9","_links":{"self":[{"href":"https:\/\/arabnewswire.com\/tr\/wp-json\/wp\/v2\/pages\/22701","targetHints":{"allow":["GET"]}}],"collection":[{"href":"https:\/\/arabnewswire.com\/tr\/wp-json\/wp\/v2\/pages"}],"about":[{"href":"https:\/\/arabnewswire.com\/tr\/wp-json\/wp\/v2\/types\/page"}],"author":[{"embeddable":true,"href":"https:\/\/arabnewswire.com\/tr\/wp-json\/wp\/v2\/users\/265"}],"replies":[{"embeddable":true,"href":"https:\/\/arabnewswire.com\/tr\/wp-json\/wp\/v2\/comments?post=22701"}],"version-history":[{"count":0,"href":"https:\/\/arabnewswire.com\/tr\/wp-json\/wp\/v2\/pages\/22701\/revisions"}],"wp:attachment":[{"href":"https:\/\/arabnewswire.com\/tr\/wp-json\/wp\/v2\/media?parent=22701"}],"curies":[{"name":"wp","href":"https:\/\/api.w.org\/{rel}","templated":true}]}}