{"id":22738,"date":"2020-05-20T10:42:56","date_gmt":"2020-05-20T15:42:56","guid":{"rendered":"https:\/\/arabnewswire.com\/giris\/"},"modified":"2025-09-07T05:17:48","modified_gmt":"2025-09-07T10:17:48","slug":"login-tr","status":"publish","type":"page","link":"https:\/\/arabnewswire.com\/tr\/login-tr\/","title":{"rendered":"Giri\u015f"},"content":{"rendered":"\t\t<div data-elementor-type=\"wp-page\" data-elementor-id=\"22738\" class=\"elementor elementor-22738 elementor-545\" data-elementor-post-type=\"page\">\n\t\t\t\t<div class=\"elementor-element elementor-element-11b09d0 e-flex e-con-boxed e-con e-parent\" data-id=\"11b09d0\" data-element_type=\"container\" data-e-type=\"container\">\n\t\t\t\t\t<div class=\"e-con-inner\">\n\t\t\t\t<div class=\"elementor-element elementor-element-cf33521 is-label-none is-input-bg elementor-widget elementor-widget-foxiz-login-form\" data-id=\"cf33521\" data-element_type=\"widget\" data-e-type=\"widget\" data-widget_type=\"foxiz-login-form.default\">\n\t\t\t\t<div class=\"elementor-widget-container\">\n\t\t\t\t\t<style>\n.login.rb-login-screen h1 a { height: 60px; width: 100%; max-width: 300px; background-size: contain; background-image: url(https:\/\/arabnewswire.com\/wp-content\/uploads\/2025\/06\/Arab-Asia-Logo14111-300x127-1.png); }body.login:not(.interim-login) { background-repeat : no-repeat;background-size : cover;background-image : url(https:\/\/arabnewswire.com\/wp-content\/uploads\/2025\/06\/Saudi-Arabia-scaled.jpg);background-attachment : fixed;background-position : center center;}\n<\/style>\n\t\t<div class=\"user-login-form can-register\">\r\n\t\t\t\t\t\t\t\t<div class=\"login-form-header rb-text\"><h1>Giri\u015f Yap<\/h1><\/div>\r\n\t\t\t\t\t<form name=\"formuid_cf33521\" id=\"formuid_cf33521\" action=\"https:\/\/arabnewswire.com\/tr\/wp-login.php\" method=\"post\"><div class=\"login-username\">\r\n\t\t\t\t<div class=\"rb-login-label\">Kullan\u0131c\u0131 ad\u0131 veya E-posta adresi<\/div>\r\n\t\t\t\t<input type=\"text\" name=\"log\" required=\"required\" autocomplete=\"username\" class=\"input\" value=\"\" \/>\r\n\t\t\t\t<\/div><div class=\"login-password\">\r\n\t\t\t\t<div class=\"rb-login-label\">\u015eifre<\/div>\r\n\t\t\t\t<div class=\"is-relative\">\r\n\t\t\t\t<input type=\"password\" name=\"pwd\" required=\"required\" autocomplete=\"current-password\" spellcheck=\"false\" class=\"input\" value=\"\" \/>\r\n\t\t\t\t<span class=\"rb-password-toggle\"><i class=\"rbi rbi-show\"><\/i><\/span><\/div>\r\n\t\t\t\t<\/div><div class=\"g-recaptcha\" style=\"transform: scale(0.9); -webkit-transform: scale(0.9); transform-origin: 0 0; -webkit-transform-origin: 0 0;\" data-sitekey=\"6LfdFfErAAAAANkjvMrynXl48OnwZ04fOuk1uKtw\"><\/div><script>\r\n                    function wpcaptcha_captcha_refresh() {\r\n                        grecaptcha.reset();\r\n                    }\r\n\r\n                    jQuery(document.body).on(\"checkout_error\", function(){\r\n                        setTimeout(wpcaptcha_captcha_refresh, 50);\r\n                    });\r\n\r\n                    jQuery(document.body).on(\"updated_checkout\", function(){\r\n                        setTimeout(wpcaptcha_captcha_refresh, 50);\r\n                    });\r\n                <\/script><script src='https:\/\/www.google.com\/recaptcha\/api.js?ver=1.34' id='wpcaptcha-recaptcha-js'><\/script><div class=\"remember-wrap\"><p class=\"login-remember\"><label class=\"rb-login-label\"><input name=\"rememberme\" type=\"checkbox\" id=\"rememberme\" value=\"forever\" \/> Beni hat\u0131rla<\/label><\/p><a class=\"lostpassw-link\" href=\"https:\/\/arabnewswire.com\/my-account\/lost-password\/\">\u015eifrenizi mi kaybettiniz?<\/a><\/div><p class=\"login-submit\">\r\n\t\t\t\t<input type=\"submit\" name=\"wp-submit\" class=\"button button-primary\" value=\"Giri\u015f Yap\" \/>\r\n\t\t\t\t<input type=\"hidden\" name=\"redirect_to\" value=\"https:\/\/arabnewswire.com\/tr\/my-account\/\" \/>\r\n\t\t\t<\/p><\/form>\t\t\t\t<div class=\"login-form-footer\">\r\n\t\t\t\t\t\u00dcye de\u011fil misiniz? <a class=\"register-link\" href=\"https:\/\/arabnewswire.com\/tr\/kayit-olun\/\">Kaydolun<\/a>\t\t\t\t<\/div>\r\n\t\t\t\t\t<\/div>\r\n\t\t\t\t\t\t<\/div>\n\t\t\t\t<\/div>\n\t\t\t\t\t<\/div>\n\t\t\t\t<\/div>\n\t\t\t\t<\/div>\n\t\t","protected":false},"excerpt":{"rendered":"<p>Hi,Abdul Kader administrator Sign Out<\/p>\n","protected":false},"author":1,"featured_media":0,"parent":0,"menu_order":0,"comment_status":"closed","ping_status":"closed","template":"","meta":{"footnotes":""},"class_list":["post-22738","page","type-page","status-publish"],"yoast_head":"<!-- This site is optimized with the Yoast SEO plugin v27.4 - https:\/\/yoast.com\/product\/yoast-seo-wordpress\/ -->\n<title>Giri\u015f<\/title>\n<meta name=\"robots\" content=\"index, follow, max-snippet:-1, max-image-preview:large, max-video-preview:-1\" \/>\n<link rel=\"canonical\" href=\"https:\/\/arabnewswire.com\/tr\/login-tr\/\" \/>\n<meta property=\"og:locale\" content=\"tr_TR\" \/>\n<meta property=\"og:type\" content=\"article\" \/>\n<meta property=\"og:title\" content=\"Giri\u015f\" \/>\n<meta property=\"og:description\" content=\"Hi,Abdul Kader administrator Sign Out\" \/>\n<meta property=\"og:url\" content=\"https:\/\/arabnewswire.com\/tr\/login-tr\/\" \/>\n<meta property=\"og:site_name\" content=\"Arap Haberleri\" \/>\n<meta property=\"article:modified_time\" content=\"2025-09-07T10:17:48+00:00\" \/>\n<meta property=\"og:image\" content=\"https:\/\/secure.gravatar.com\/avatar\/0c176e0b2618a64457ac079473ac19f8e2bdd5461a6f4ac50032908c526d0460?s=60&#038;d=mm&#038;r=g\" \/>\n<meta name=\"twitter:card\" content=\"summary_large_image\" \/>\n<meta name=\"twitter:label1\" content=\"Tahmini okuma s\u00fcresi\" \/>\n\t<meta name=\"twitter:data1\" content=\"1 dakika\" \/>\n<script type=\"application\/ld+json\" class=\"yoast-schema-graph\">{\"@context\":\"https:\\\/\\\/schema.org\",\"@graph\":[{\"@type\":\"WebPage\",\"@id\":\"https:\\\/\\\/arabnewswire.com\\\/tr\\\/login-tr\\\/\",\"url\":\"https:\\\/\\\/arabnewswire.com\\\/tr\\\/login-tr\\\/\",\"name\":\"Giri\u015f\",\"isPartOf\":{\"@id\":\"https:\\\/\\\/arabnewswire.com\\\/tr\\\/#website\"},\"primaryImageOfPage\":{\"@id\":\"https:\\\/\\\/arabnewswire.com\\\/tr\\\/login-tr\\\/#primaryimage\"},\"image\":{\"@id\":\"https:\\\/\\\/arabnewswire.com\\\/tr\\\/login-tr\\\/#primaryimage\"},\"thumbnailUrl\":\"https:\\\/\\\/secure.gravatar.com\\\/avatar\\\/0c176e0b2618a64457ac079473ac19f8e2bdd5461a6f4ac50032908c526d0460?s=60&#038;d=mm&#038;r=g\",\"datePublished\":\"2020-05-20T15:42:56+00:00\",\"dateModified\":\"2025-09-07T10:17:48+00:00\",\"breadcrumb\":{\"@id\":\"https:\\\/\\\/arabnewswire.com\\\/tr\\\/login-tr\\\/#breadcrumb\"},\"inLanguage\":\"tr\",\"potentialAction\":[{\"@type\":\"ReadAction\",\"target\":[\"https:\\\/\\\/arabnewswire.com\\\/tr\\\/login-tr\\\/\"]}]},{\"@type\":\"ImageObject\",\"inLanguage\":\"tr\",\"@id\":\"https:\\\/\\\/arabnewswire.com\\\/tr\\\/login-tr\\\/#primaryimage\",\"url\":\"https:\\\/\\\/secure.gravatar.com\\\/avatar\\\/0c176e0b2618a64457ac079473ac19f8e2bdd5461a6f4ac50032908c526d0460?s=60&#038;d=mm&#038;r=g\",\"contentUrl\":\"https:\\\/\\\/secure.gravatar.com\\\/avatar\\\/0c176e0b2618a64457ac079473ac19f8e2bdd5461a6f4ac50032908c526d0460?s=60&#038;d=mm&#038;r=g\"},{\"@type\":\"BreadcrumbList\",\"@id\":\"https:\\\/\\\/arabnewswire.com\\\/tr\\\/login-tr\\\/#breadcrumb\",\"itemListElement\":[{\"@type\":\"ListItem\",\"position\":1,\"name\":\"Home\",\"item\":\"https:\\\/\\\/arabnewswire.com\\\/tr\\\/\"},{\"@type\":\"ListItem\",\"position\":2,\"name\":\"Giri\u015f\"}]},{\"@type\":\"WebSite\",\"@id\":\"https:\\\/\\\/arabnewswire.com\\\/tr\\\/#website\",\"url\":\"https:\\\/\\\/arabnewswire.com\\\/tr\\\/\",\"name\":\"Arabnewswire\",\"description\":\"ArabNewswre\u2122\ufe0f | Orta Do\u011fu ve Kuzey Afrika (MENA) Bas\u0131n B\u00fclteni Da\u011f\u0131t\u0131m Hizmetleri\",\"publisher\":{\"@id\":\"https:\\\/\\\/arabnewswire.com\\\/tr\\\/#organization\"},\"potentialAction\":[{\"@type\":\"SearchAction\",\"target\":{\"@type\":\"EntryPoint\",\"urlTemplate\":\"https:\\\/\\\/arabnewswire.com\\\/tr\\\/?s={search_term_string}\"},\"query-input\":{\"@type\":\"PropertyValueSpecification\",\"valueRequired\":true,\"valueName\":\"search_term_string\"}}],\"inLanguage\":\"tr\"},{\"@type\":\"Organization\",\"@id\":\"https:\\\/\\\/arabnewswire.com\\\/tr\\\/#organization\",\"name\":\"Arabnewswire\",\"url\":\"https:\\\/\\\/arabnewswire.com\\\/tr\\\/\",\"logo\":{\"@type\":\"ImageObject\",\"inLanguage\":\"tr\",\"@id\":\"https:\\\/\\\/arabnewswire.com\\\/tr\\\/#\\\/schema\\\/logo\\\/image\\\/\",\"url\":\"https:\\\/\\\/i0.wp.com\\\/arabnewswire.com\\\/wp-content\\\/uploads\\\/2020\\\/05\\\/arabnewswrie-logo.png?fit=270%2C63&ssl=1\",\"contentUrl\":\"https:\\\/\\\/i0.wp.com\\\/arabnewswire.com\\\/wp-content\\\/uploads\\\/2020\\\/05\\\/arabnewswrie-logo.png?fit=270%2C63&ssl=1\",\"width\":270,\"height\":63,\"caption\":\"Arabnewswire\"},\"image\":{\"@id\":\"https:\\\/\\\/arabnewswire.com\\\/tr\\\/#\\\/schema\\\/logo\\\/image\\\/\"}}]}<\/script>\n<!-- \/ Yoast SEO plugin. -->","yoast_head_json":{"title":"Giri\u015f","robots":{"index":"index","follow":"follow","max-snippet":"max-snippet:-1","max-image-preview":"max-image-preview:large","max-video-preview":"max-video-preview:-1"},"canonical":"https:\/\/arabnewswire.com\/tr\/login-tr\/","og_locale":"tr_TR","og_type":"article","og_title":"Giri\u015f","og_description":"Hi,Abdul Kader administrator Sign Out","og_url":"https:\/\/arabnewswire.com\/tr\/login-tr\/","og_site_name":"Arap Haberleri","article_modified_time":"2025-09-07T10:17:48+00:00","og_image":[{"url":"https:\/\/secure.gravatar.com\/avatar\/0c176e0b2618a64457ac079473ac19f8e2bdd5461a6f4ac50032908c526d0460?s=60&#038;d=mm&#038;r=g","type":"","width":"","height":""}],"twitter_card":"summary_large_image","twitter_misc":{"Tahmini okuma s\u00fcresi":"1 dakika"},"schema":{"@context":"https:\/\/schema.org","@graph":[{"@type":"WebPage","@id":"https:\/\/arabnewswire.com\/tr\/login-tr\/","url":"https:\/\/arabnewswire.com\/tr\/login-tr\/","name":"Giri\u015f","isPartOf":{"@id":"https:\/\/arabnewswire.com\/tr\/#website"},"primaryImageOfPage":{"@id":"https:\/\/arabnewswire.com\/tr\/login-tr\/#primaryimage"},"image":{"@id":"https:\/\/arabnewswire.com\/tr\/login-tr\/#primaryimage"},"thumbnailUrl":"https:\/\/secure.gravatar.com\/avatar\/0c176e0b2618a64457ac079473ac19f8e2bdd5461a6f4ac50032908c526d0460?s=60&#038;d=mm&#038;r=g","datePublished":"2020-05-20T15:42:56+00:00","dateModified":"2025-09-07T10:17:48+00:00","breadcrumb":{"@id":"https:\/\/arabnewswire.com\/tr\/login-tr\/#breadcrumb"},"inLanguage":"tr","potentialAction":[{"@type":"ReadAction","target":["https:\/\/arabnewswire.com\/tr\/login-tr\/"]}]},{"@type":"ImageObject","inLanguage":"tr","@id":"https:\/\/arabnewswire.com\/tr\/login-tr\/#primaryimage","url":"https:\/\/secure.gravatar.com\/avatar\/0c176e0b2618a64457ac079473ac19f8e2bdd5461a6f4ac50032908c526d0460?s=60&#038;d=mm&#038;r=g","contentUrl":"https:\/\/secure.gravatar.com\/avatar\/0c176e0b2618a64457ac079473ac19f8e2bdd5461a6f4ac50032908c526d0460?s=60&#038;d=mm&#038;r=g"},{"@type":"BreadcrumbList","@id":"https:\/\/arabnewswire.com\/tr\/login-tr\/#breadcrumb","itemListElement":[{"@type":"ListItem","position":1,"name":"Home","item":"https:\/\/arabnewswire.com\/tr\/"},{"@type":"ListItem","position":2,"name":"Giri\u015f"}]},{"@type":"WebSite","@id":"https:\/\/arabnewswire.com\/tr\/#website","url":"https:\/\/arabnewswire.com\/tr\/","name":"Arabnewswire","description":"ArabNewswre\u2122\ufe0f | Orta Do\u011fu ve Kuzey Afrika (MENA) Bas\u0131n B\u00fclteni Da\u011f\u0131t\u0131m Hizmetleri","publisher":{"@id":"https:\/\/arabnewswire.com\/tr\/#organization"},"potentialAction":[{"@type":"SearchAction","target":{"@type":"EntryPoint","urlTemplate":"https:\/\/arabnewswire.com\/tr\/?s={search_term_string}"},"query-input":{"@type":"PropertyValueSpecification","valueRequired":true,"valueName":"search_term_string"}}],"inLanguage":"tr"},{"@type":"Organization","@id":"https:\/\/arabnewswire.com\/tr\/#organization","name":"Arabnewswire","url":"https:\/\/arabnewswire.com\/tr\/","logo":{"@type":"ImageObject","inLanguage":"tr","@id":"https:\/\/arabnewswire.com\/tr\/#\/schema\/logo\/image\/","url":"https:\/\/i0.wp.com\/arabnewswire.com\/wp-content\/uploads\/2020\/05\/arabnewswrie-logo.png?fit=270%2C63&ssl=1","contentUrl":"https:\/\/i0.wp.com\/arabnewswire.com\/wp-content\/uploads\/2020\/05\/arabnewswrie-logo.png?fit=270%2C63&ssl=1","width":270,"height":63,"caption":"Arabnewswire"},"image":{"@id":"https:\/\/arabnewswire.com\/tr\/#\/schema\/logo\/image\/"}}]}},"jetpack_sharing_enabled":true,"jetpack_shortlink":"https:\/\/wp.me\/PgCGET-5UK","_links":{"self":[{"href":"https:\/\/arabnewswire.com\/tr\/wp-json\/wp\/v2\/pages\/22738","targetHints":{"allow":["GET"]}}],"collection":[{"href":"https:\/\/arabnewswire.com\/tr\/wp-json\/wp\/v2\/pages"}],"about":[{"href":"https:\/\/arabnewswire.com\/tr\/wp-json\/wp\/v2\/types\/page"}],"author":[{"embeddable":true,"href":"https:\/\/arabnewswire.com\/tr\/wp-json\/wp\/v2\/users\/1"}],"replies":[{"embeddable":true,"href":"https:\/\/arabnewswire.com\/tr\/wp-json\/wp\/v2\/comments?post=22738"}],"version-history":[{"count":0,"href":"https:\/\/arabnewswire.com\/tr\/wp-json\/wp\/v2\/pages\/22738\/revisions"}],"wp:attachment":[{"href":"https:\/\/arabnewswire.com\/tr\/wp-json\/wp\/v2\/media?parent=22738"}],"curies":[{"name":"wp","href":"https:\/\/api.w.org\/{rel}","templated":true}]}}