{"id":20303,"date":"2020-07-03T10:44:51","date_gmt":"2020-07-03T15:44:51","guid":{"rendered":"https:\/\/arabnewswire.com\/product\/pr-mena-ulus\/"},"modified":"2020-07-03T10:44:51","modified_gmt":"2020-07-03T15:44:51","slug":"pr-mena-ulus","status":"publish","type":"product","link":"https:\/\/arabnewswire.com\/tr\/urun\/pr-mena-ulus\/","title":{"rendered":"PR MENA\u2122 Ulus"},"content":{"rendered":"<p>Her dilde 500 kelimelik bir bas\u0131n b\u00fcltenini iki MENA \u00fclkesine da\u011f\u0131t\u0131n:<\/p>\n<ul>\n<li>100&#8217;e kadar \u00e7evrimi\u00e7i haber sitesinde yay\u0131nlan\u0131n:<br \/>\n&#8211; The Arab Herald &#8211; Arap Uluslar\u0131 i\u00e7in bir haber yay\u0131n\u0131.<br \/>\n&#8211; MENAFN &#8211; MENA b\u00f6lgesi i\u00e7in bir i\u015f ve finans haber portal\u0131.<br \/>\n&#8211; Associated Press (AP)<br \/>\n&#8211; <em>Se\u00e7ti\u011finiz iki kategoriye<\/em> dayal\u0131 haber masalar\u0131.<br \/>\n&#8211; Ek dil ba\u015f\u0131na 199 $ \u00fccret al\u0131nmaktad\u0131r.<\/li>\n<li>Bas\u0131n b\u00fclteni da\u011f\u0131t\u0131m\u0131 ve kup\u00fcr raporu i\u00e7in 48 saat bekleyin.<\/li>\n<\/ul>\n<p>\u00d6rnek k\u0131rpma raporlar\u0131na bak\u0131n:<br \/>\n<a href=\"https:\/\/drive.google.com\/file\/d\/1H_ho97pvvRKM6qJ9rjB1pqrlTVacce56\/view?usp=sharing\"><span style=\"color: #339966;\"><span style=\"color: #82cc82;\">BAE Da\u011f\u0131t\u0131m<\/span><\/span><\/a> (\u0130ngilizce ve Arap\u00e7a)<br \/>\n<span style=\"color: #82cc82;\"><a style=\"color: #82cc82;\" href=\"https:\/\/drive.google.com\/file\/d\/1PmsbdroTq1pozk1K9GcTCvYCK0146WLY\/view?usp=sharing\">KSA Da\u011f\u0131t\u0131m<\/a><\/span> (\u0130ngilizce)<\/p>\n<p>&nbsp;<\/p>\n","protected":false},"excerpt":{"rendered":"<p>Her dilde 500 kelimelik bir bas\u0131n b\u00fcltenini iki MENA \u00fclkesine da\u011f\u0131t\u0131n: 100&#8217;e kadar \u00e7evrimi\u00e7i haber sitesinde yay\u0131nlan\u0131n: &#8211; The Arab Herald &#8211; Arap Uluslar\u0131 i\u00e7in bir haber yay\u0131n\u0131. &#8211; MENAFN &#8211; MENA b\u00f6lgesi i\u00e7in bir i\u015f ve finans haber portal\u0131. &#8211; Associated Press (AP) &#8211; Se\u00e7ti\u011finiz iki kategoriye dayal\u0131 haber masalar\u0131. &#8211; Ek dil ba\u015f\u0131na [&hellip;]<\/p>\n","protected":false},"featured_media":23897,"template":"","meta":{"jetpack_publicize_message":"","jetpack_publicize_feature_enabled":true,"jetpack_social_post_already_shared":false,"jetpack_social_options":{"image_generator_settings":{"template":"highway","default_image_id":0,"font":"","enabled":false},"version":2}},"product_brand":[],"product_cat":[4468],"product_tag":[4489,4552,4553,4547,4500,4503,4555,4554,4549,4548,4550,4486,4487,4485,4551],"class_list":{"0":"post-20303","1":"product","2":"type-product","3":"status-publish","4":"has-post-thumbnail","6":"product_cat-basin-bulteni-planlari","7":"product_tag-arap-dunyasi","8":"product_tag-basin-bulteni-dagitim-planlari","9":"product_tag-basin-bulteni-fiyatlari","10":"product_tag-basin-bulteni-dagitimi-kuzey-afrika","11":"product_tag-basin-bulteni-dagitimi-mena","12":"product_tag-basin-bulteni-dagitimi-orta-dogu","13":"product_tag-basin-bulteni-planlari","14":"product_tag-fiyatlandirma","15":"product_tag-gazeteciler","16":"product_tag-haber-masalari","17":"product_tag-hedef-sektorler","18":"product_tag-kuzey-afrika","19":"product_tag-mena-tr","20":"product_tag-orta-dogu","21":"product_tag-orta-dogu-ulkeleri","23":"first","24":"instock","25":"shipping-taxable","26":"purchasable","27":"product-type-simple"},"yoast_head":"<!-- This site is optimized with the Yoast SEO plugin v27.3 - https:\/\/yoast.com\/product\/yoast-seo-wordpress\/ -->\n<title>PR MENA\u2122 Ulus - Arap Haberleri<\/title>\n<meta name=\"description\" content=\"Orta Do\u011fu, Kuzey Afrika (MENA) ve Arap D\u00fcnyas\u0131&#039;na bas\u0131n b\u00fclteni da\u011f\u0131t\u0131m\u0131. Haber b\u00fclteninizin ArabWorld ve MENAFN Media&#039;da yay\u0131nlanmas\u0131n\u0131 sa\u011flay\u0131n\" \/>\n<meta name=\"robots\" content=\"index, follow, max-snippet:-1, max-image-preview:large, max-video-preview:-1\" \/>\n<link rel=\"canonical\" href=\"https:\/\/arabnewswire.com\/tr\/urun\/pr-mena-ulus\/\" \/>\n<meta property=\"og:locale\" content=\"tr_TR\" \/>\n<meta property=\"og:type\" content=\"article\" \/>\n<meta property=\"og:title\" content=\"PR MENA\u2122 Ulus - Arap Haberleri\" \/>\n<meta property=\"og:description\" content=\"Orta Do\u011fu, Kuzey Afrika (MENA) ve Arap D\u00fcnyas\u0131&#039;na bas\u0131n b\u00fclteni da\u011f\u0131t\u0131m\u0131. Haber b\u00fclteninizin ArabWorld ve MENAFN Media&#039;da yay\u0131nlanmas\u0131n\u0131 sa\u011flay\u0131n\" \/>\n<meta property=\"og:url\" content=\"https:\/\/arabnewswire.com\/tr\/urun\/pr-mena-ulus\/\" \/>\n<meta property=\"og:site_name\" content=\"Arap Haberleri\" \/>\n<meta property=\"og:image\" content=\"https:\/\/i0.wp.com\/arabnewswire.com\/wp-content\/uploads\/2022\/10\/ArabNewswire-Logo-Sized-for-Web.png?fit=430%2C237&ssl=1\" \/>\n\t<meta property=\"og:image:width\" content=\"430\" \/>\n\t<meta property=\"og:image:height\" content=\"237\" \/>\n\t<meta property=\"og:image:type\" content=\"image\/png\" \/>\n<meta name=\"twitter:card\" content=\"summary_large_image\" \/>\n<meta name=\"twitter:label1\" content=\"Tahmini okuma s\u00fcresi\" \/>\n\t<meta name=\"twitter:data1\" content=\"1 dakika\" \/>\n<script type=\"application\/ld+json\" class=\"yoast-schema-graph\">{\"@context\":\"https:\\\/\\\/schema.org\",\"@graph\":[{\"@type\":\"WebPage\",\"@id\":\"https:\\\/\\\/arabnewswire.com\\\/tr\\\/urun\\\/pr-mena-ulus\\\/\",\"url\":\"https:\\\/\\\/arabnewswire.com\\\/tr\\\/urun\\\/pr-mena-ulus\\\/\",\"name\":\"PR MENA\u2122 Ulus - Arap Haberleri\",\"isPartOf\":{\"@id\":\"https:\\\/\\\/arabnewswire.com\\\/tr\\\/#website\"},\"primaryImageOfPage\":{\"@id\":\"https:\\\/\\\/arabnewswire.com\\\/tr\\\/urun\\\/pr-mena-ulus\\\/#primaryimage\"},\"image\":{\"@id\":\"https:\\\/\\\/arabnewswire.com\\\/tr\\\/urun\\\/pr-mena-ulus\\\/#primaryimage\"},\"thumbnailUrl\":\"https:\\\/\\\/i0.wp.com\\\/arabnewswire.com\\\/wp-content\\\/uploads\\\/2025\\\/10\\\/cropped-favicon-n.png?fit=512%2C512&ssl=1\",\"datePublished\":\"2020-07-03T15:44:51+00:00\",\"description\":\"Orta Do\u011fu, Kuzey Afrika (MENA) ve Arap D\u00fcnyas\u0131'na bas\u0131n b\u00fclteni da\u011f\u0131t\u0131m\u0131. Haber b\u00fclteninizin ArabWorld ve MENAFN Media'da yay\u0131nlanmas\u0131n\u0131 sa\u011flay\u0131n\",\"breadcrumb\":{\"@id\":\"https:\\\/\\\/arabnewswire.com\\\/tr\\\/urun\\\/pr-mena-ulus\\\/#breadcrumb\"},\"inLanguage\":\"tr\",\"potentialAction\":[{\"@type\":\"ReadAction\",\"target\":[\"https:\\\/\\\/arabnewswire.com\\\/tr\\\/urun\\\/pr-mena-ulus\\\/\"]}]},{\"@type\":\"ImageObject\",\"inLanguage\":\"tr\",\"@id\":\"https:\\\/\\\/arabnewswire.com\\\/tr\\\/urun\\\/pr-mena-ulus\\\/#primaryimage\",\"url\":\"https:\\\/\\\/i0.wp.com\\\/arabnewswire.com\\\/wp-content\\\/uploads\\\/2025\\\/10\\\/cropped-favicon-n.png?fit=512%2C512&ssl=1\",\"contentUrl\":\"https:\\\/\\\/i0.wp.com\\\/arabnewswire.com\\\/wp-content\\\/uploads\\\/2025\\\/10\\\/cropped-favicon-n.png?fit=512%2C512&ssl=1\",\"width\":512,\"height\":512},{\"@type\":\"BreadcrumbList\",\"@id\":\"https:\\\/\\\/arabnewswire.com\\\/tr\\\/urun\\\/pr-mena-ulus\\\/#breadcrumb\",\"itemListElement\":[{\"@type\":\"ListItem\",\"position\":1,\"name\":\"Home\",\"item\":\"https:\\\/\\\/arabnewswire.com\\\/tr\\\/\"},{\"@type\":\"ListItem\",\"position\":2,\"name\":\"Shop\",\"item\":\"https:\\\/\\\/arabnewswire.com\\\/shop\\\/\"},{\"@type\":\"ListItem\",\"position\":3,\"name\":\"PR MENA\u2122 Ulus\"}]},{\"@type\":\"WebSite\",\"@id\":\"https:\\\/\\\/arabnewswire.com\\\/tr\\\/#website\",\"url\":\"https:\\\/\\\/arabnewswire.com\\\/tr\\\/\",\"name\":\"Arabnewswire\",\"description\":\"ArabNewswre\u2122\ufe0f | Orta Do\u011fu ve Kuzey Afrika (MENA) Bas\u0131n B\u00fclteni Da\u011f\u0131t\u0131m Hizmetleri\",\"publisher\":{\"@id\":\"https:\\\/\\\/arabnewswire.com\\\/tr\\\/#organization\"},\"potentialAction\":[{\"@type\":\"SearchAction\",\"target\":{\"@type\":\"EntryPoint\",\"urlTemplate\":\"https:\\\/\\\/arabnewswire.com\\\/tr\\\/?s={search_term_string}\"},\"query-input\":{\"@type\":\"PropertyValueSpecification\",\"valueRequired\":true,\"valueName\":\"search_term_string\"}}],\"inLanguage\":\"tr\"},{\"@type\":\"Organization\",\"@id\":\"https:\\\/\\\/arabnewswire.com\\\/tr\\\/#organization\",\"name\":\"Arabnewswire\",\"url\":\"https:\\\/\\\/arabnewswire.com\\\/tr\\\/\",\"logo\":{\"@type\":\"ImageObject\",\"inLanguage\":\"tr\",\"@id\":\"https:\\\/\\\/arabnewswire.com\\\/tr\\\/#\\\/schema\\\/logo\\\/image\\\/\",\"url\":\"https:\\\/\\\/i0.wp.com\\\/arabnewswire.com\\\/wp-content\\\/uploads\\\/2020\\\/05\\\/arabnewswrie-logo.png?fit=270%2C63&ssl=1\",\"contentUrl\":\"https:\\\/\\\/i0.wp.com\\\/arabnewswire.com\\\/wp-content\\\/uploads\\\/2020\\\/05\\\/arabnewswrie-logo.png?fit=270%2C63&ssl=1\",\"width\":270,\"height\":63,\"caption\":\"Arabnewswire\"},\"image\":{\"@id\":\"https:\\\/\\\/arabnewswire.com\\\/tr\\\/#\\\/schema\\\/logo\\\/image\\\/\"}}]}<\/script>\n<!-- \/ Yoast SEO plugin. -->","yoast_head_json":{"title":"PR MENA\u2122 Ulus - Arap Haberleri","description":"Orta Do\u011fu, Kuzey Afrika (MENA) ve Arap D\u00fcnyas\u0131'na bas\u0131n b\u00fclteni da\u011f\u0131t\u0131m\u0131. Haber b\u00fclteninizin ArabWorld ve MENAFN Media'da yay\u0131nlanmas\u0131n\u0131 sa\u011flay\u0131n","robots":{"index":"index","follow":"follow","max-snippet":"max-snippet:-1","max-image-preview":"max-image-preview:large","max-video-preview":"max-video-preview:-1"},"canonical":"https:\/\/arabnewswire.com\/tr\/urun\/pr-mena-ulus\/","og_locale":"tr_TR","og_type":"article","og_title":"PR MENA\u2122 Ulus - Arap Haberleri","og_description":"Orta Do\u011fu, Kuzey Afrika (MENA) ve Arap D\u00fcnyas\u0131'na bas\u0131n b\u00fclteni da\u011f\u0131t\u0131m\u0131. Haber b\u00fclteninizin ArabWorld ve MENAFN Media'da yay\u0131nlanmas\u0131n\u0131 sa\u011flay\u0131n","og_url":"https:\/\/arabnewswire.com\/tr\/urun\/pr-mena-ulus\/","og_site_name":"Arap Haberleri","og_image":[{"width":430,"height":237,"url":"https:\/\/i0.wp.com\/arabnewswire.com\/wp-content\/uploads\/2022\/10\/ArabNewswire-Logo-Sized-for-Web.png?fit=430%2C237&ssl=1","type":"image\/png"}],"twitter_card":"summary_large_image","twitter_misc":{"Tahmini okuma s\u00fcresi":"1 dakika"},"schema":{"@context":"https:\/\/schema.org","@graph":[{"@type":"WebPage","@id":"https:\/\/arabnewswire.com\/tr\/urun\/pr-mena-ulus\/","url":"https:\/\/arabnewswire.com\/tr\/urun\/pr-mena-ulus\/","name":"PR MENA\u2122 Ulus - Arap Haberleri","isPartOf":{"@id":"https:\/\/arabnewswire.com\/tr\/#website"},"primaryImageOfPage":{"@id":"https:\/\/arabnewswire.com\/tr\/urun\/pr-mena-ulus\/#primaryimage"},"image":{"@id":"https:\/\/arabnewswire.com\/tr\/urun\/pr-mena-ulus\/#primaryimage"},"thumbnailUrl":"https:\/\/i0.wp.com\/arabnewswire.com\/wp-content\/uploads\/2025\/10\/cropped-favicon-n.png?fit=512%2C512&ssl=1","datePublished":"2020-07-03T15:44:51+00:00","description":"Orta Do\u011fu, Kuzey Afrika (MENA) ve Arap D\u00fcnyas\u0131'na bas\u0131n b\u00fclteni da\u011f\u0131t\u0131m\u0131. Haber b\u00fclteninizin ArabWorld ve MENAFN Media'da yay\u0131nlanmas\u0131n\u0131 sa\u011flay\u0131n","breadcrumb":{"@id":"https:\/\/arabnewswire.com\/tr\/urun\/pr-mena-ulus\/#breadcrumb"},"inLanguage":"tr","potentialAction":[{"@type":"ReadAction","target":["https:\/\/arabnewswire.com\/tr\/urun\/pr-mena-ulus\/"]}]},{"@type":"ImageObject","inLanguage":"tr","@id":"https:\/\/arabnewswire.com\/tr\/urun\/pr-mena-ulus\/#primaryimage","url":"https:\/\/i0.wp.com\/arabnewswire.com\/wp-content\/uploads\/2025\/10\/cropped-favicon-n.png?fit=512%2C512&ssl=1","contentUrl":"https:\/\/i0.wp.com\/arabnewswire.com\/wp-content\/uploads\/2025\/10\/cropped-favicon-n.png?fit=512%2C512&ssl=1","width":512,"height":512},{"@type":"BreadcrumbList","@id":"https:\/\/arabnewswire.com\/tr\/urun\/pr-mena-ulus\/#breadcrumb","itemListElement":[{"@type":"ListItem","position":1,"name":"Home","item":"https:\/\/arabnewswire.com\/tr\/"},{"@type":"ListItem","position":2,"name":"Shop","item":"https:\/\/arabnewswire.com\/shop\/"},{"@type":"ListItem","position":3,"name":"PR MENA\u2122 Ulus"}]},{"@type":"WebSite","@id":"https:\/\/arabnewswire.com\/tr\/#website","url":"https:\/\/arabnewswire.com\/tr\/","name":"Arabnewswire","description":"ArabNewswre\u2122\ufe0f | Orta Do\u011fu ve Kuzey Afrika (MENA) Bas\u0131n B\u00fclteni Da\u011f\u0131t\u0131m Hizmetleri","publisher":{"@id":"https:\/\/arabnewswire.com\/tr\/#organization"},"potentialAction":[{"@type":"SearchAction","target":{"@type":"EntryPoint","urlTemplate":"https:\/\/arabnewswire.com\/tr\/?s={search_term_string}"},"query-input":{"@type":"PropertyValueSpecification","valueRequired":true,"valueName":"search_term_string"}}],"inLanguage":"tr"},{"@type":"Organization","@id":"https:\/\/arabnewswire.com\/tr\/#organization","name":"Arabnewswire","url":"https:\/\/arabnewswire.com\/tr\/","logo":{"@type":"ImageObject","inLanguage":"tr","@id":"https:\/\/arabnewswire.com\/tr\/#\/schema\/logo\/image\/","url":"https:\/\/i0.wp.com\/arabnewswire.com\/wp-content\/uploads\/2020\/05\/arabnewswrie-logo.png?fit=270%2C63&ssl=1","contentUrl":"https:\/\/i0.wp.com\/arabnewswire.com\/wp-content\/uploads\/2020\/05\/arabnewswrie-logo.png?fit=270%2C63&ssl=1","width":270,"height":63,"caption":"Arabnewswire"},"image":{"@id":"https:\/\/arabnewswire.com\/tr\/#\/schema\/logo\/image\/"}}]}},"jetpack_publicize_connections":[],"jetpack_sharing_enabled":true,"_links":{"self":[{"href":"https:\/\/arabnewswire.com\/tr\/wp-json\/wp\/v2\/product\/20303","targetHints":{"allow":["GET"]}}],"collection":[{"href":"https:\/\/arabnewswire.com\/tr\/wp-json\/wp\/v2\/product"}],"about":[{"href":"https:\/\/arabnewswire.com\/tr\/wp-json\/wp\/v2\/types\/product"}],"wp:featuredmedia":[{"embeddable":true,"href":"https:\/\/arabnewswire.com\/tr\/wp-json\/wp\/v2\/media\/23897"}],"wp:attachment":[{"href":"https:\/\/arabnewswire.com\/tr\/wp-json\/wp\/v2\/media?parent=20303"}],"wp:term":[{"taxonomy":"product_brand","embeddable":true,"href":"https:\/\/arabnewswire.com\/tr\/wp-json\/wp\/v2\/product_brand?post=20303"},{"taxonomy":"product_cat","embeddable":true,"href":"https:\/\/arabnewswire.com\/tr\/wp-json\/wp\/v2\/product_cat?post=20303"},{"taxonomy":"product_tag","embeddable":true,"href":"https:\/\/arabnewswire.com\/tr\/wp-json\/wp\/v2\/product_tag?post=20303"}],"curies":[{"name":"wp","href":"https:\/\/api.w.org\/{rel}","templated":true}]}}